{"id":4944,"date":"2022-07-31T12:01:27","date_gmt":"2022-07-31T10:01:27","guid":{"rendered":"https:\/\/sausagepeeler.eu\/kontakt\/"},"modified":"2022-07-31T12:15:38","modified_gmt":"2022-07-31T10:15:38","slug":"kontakt","status":"publish","type":"page","link":"https:\/\/sausagepeeler.eu\/de\/kontakt\/","title":{"rendered":"Kontakt:"},"content":{"rendered":"<p>[vc_row][vc_column][vc_empty_space height=&#8220;92px&#8220;][vc_row_inner][vc_column_inner width=&#8220;1\/4&#8243;][vc_empty_space][\/vc_column_inner][vc_column_inner width=&#8220;1\/2&#8243;]            <div class=\"heading color-dark size-xs text-center \" >\n                                                        <h2>\n                        Kontaktinformationen                    <\/h2>\n                                        <span>\n                        M\u00f6chten Sie mehr Informationen \u00fcber eines der Wurstsch\u00e4lermodelle oder haben Sie andere Fragen, k\u00f6nnen Sie mich mit den unten stehenden Informationen kontaktieren.                    <\/span>\n                                <\/div>\n            [\/vc_column_inner][vc_column_inner width=&#8220;1\/4&#8243;][vc_empty_space][\/vc_column_inner][\/vc_row_inner][vc_empty_space height=&#8220;92px&#8220;][\/vc_column][\/vc_row][vc_row layout=&#8220;fullwidth-visible&#8220;][vc_column width=&#8220;1\/4&#8243;][vc_empty_space][\/vc_column][vc_column width=&#8220;1\/4&#8243;]\t\t\t<div class=\"iconbox icon-box-circle  text-center color-dark\" >\n                <div class=\"icon-box-shape\">\n                    <a title=\"\" target=\"_self\" href=\"tel:00310610807582\">\n                                                        <i class=\"micon icon-phone-1\"><\/i>\n                                                <\/a>\n                <\/div>\n                                    <h3><a title=\"\" target=\"_self\" href=\"tel:00310610807582\">Telefon<\/a><\/h3>\n                                <p>+31 (0)6 10807582<\/p>\n                \t\t\t<\/div>\n            [\/vc_column][vc_column width=&#8220;1\/4&#8243;]\t\t\t<div class=\"iconbox icon-box-circle  text-center color-dark\" >\n                <div class=\"icon-box-shape\">\n                    <a title=\"\" target=\"_self\" href=\"mailto:info@jiminternationaltrading.nl\">\n                                                        <i class=\"micon icon-185078-email-mail-streamline\"><\/i>\n                                                <\/a>\n                <\/div>\n                                    <h3><a title=\"\" target=\"_self\" href=\"mailto:info@jiminternationaltrading.nl\">E-mail<\/a><\/h3>\n                                <p>info@jiminternationaltrading.nl<\/p>\n                \t\t\t<\/div>\n            [\/vc_column][vc_column width=&#8220;1\/4&#8243;][\/vc_column][\/vc_row][vc_row][vc_column][vc_empty_space][vc_row_inner][vc_column_inner width=&#8220;1\/4&#8243;][vc_empty_space][\/vc_column_inner][vc_column_inner width=&#8220;1\/2&#8243;]<div role=\"form\" class=\"wpcf7\" id=\"wpcf7-f1365-o1\" lang=\"en-US\" dir=\"ltr\">\n<div class=\"screen-reader-response\"><p role=\"status\" aria-live=\"polite\" aria-atomic=\"true\"><\/p> <ul><\/ul><\/div>\n<form action=\"\/de\/wp-json\/wp\/v2\/pages\/4944#wpcf7-f1365-o1\" method=\"post\" class=\"wpcf7-form init\" novalidate=\"novalidate\" data-status=\"init\">\n<div style=\"display: none;\">\n<input type=\"hidden\" name=\"_wpcf7\" value=\"1365\" \/>\n<input type=\"hidden\" name=\"_wpcf7_version\" value=\"5.6.2\" \/>\n<input type=\"hidden\" name=\"_wpcf7_locale\" value=\"en_US\" \/>\n<input type=\"hidden\" name=\"_wpcf7_unit_tag\" value=\"wpcf7-f1365-o1\" \/>\n<input type=\"hidden\" name=\"_wpcf7_container_post\" value=\"0\" \/>\n<input type=\"hidden\" name=\"_wpcf7_posted_data_hash\" value=\"\" \/>\n<\/div>\n<div class=\"row contact-us\">\n<div class=\"col-md-6 col-sm-12\">\n<span class=\"wpcf7-form-control-wrap\" data-name=\"your-name\"><input type=\"text\" name=\"your-name\" value=\"Name\" size=\"40\" class=\"wpcf7-form-control wpcf7-text wpcf7-validates-as-required\" aria-required=\"true\" aria-invalid=\"false\" \/><\/span>\n<\/div>\n<div class=\"col-md-6 col-sm-12\">\n<span class=\"wpcf7-form-control-wrap\" data-name=\"your-phone\"><input type=\"tel\" name=\"your-phone\" value=\"Phone\" size=\"40\" class=\"wpcf7-form-control wpcf7-text wpcf7-tel wpcf7-validates-as-required wpcf7-validates-as-tel\" aria-required=\"true\" aria-invalid=\"false\" \/><\/span>\n<\/div>\n<div class=\"col-md-6 col-sm-12\">\n<span class=\"wpcf7-form-control-wrap\" data-name=\"your-country\"><input type=\"text\" name=\"your-country\" value=\"Country\" size=\"40\" class=\"wpcf7-form-control wpcf7-text wpcf7-validates-as-required\" aria-required=\"true\" aria-invalid=\"false\" \/><\/span>\n<\/div>\n<div class=\"col-md-6 col-sm-12\">\n<span class=\"wpcf7-form-control-wrap\" data-name=\"your-company\"><input type=\"tel\" name=\"your-company\" value=\"Company\" size=\"40\" class=\"wpcf7-form-control wpcf7-text wpcf7-tel wpcf7-validates-as-required wpcf7-validates-as-tel\" aria-required=\"true\" aria-invalid=\"false\" \/><\/span>\n<\/div>\n<div class=\"col-md-12 col-sm-12\">\n<span class=\"wpcf7-form-control-wrap\" data-name=\"your-email\"><input type=\"email\" name=\"your-email\" value=\"Email\" size=\"40\" class=\"wpcf7-form-control wpcf7-text wpcf7-email wpcf7-validates-as-required wpcf7-validates-as-email\" aria-required=\"true\" aria-invalid=\"false\" \/><\/span>\n<\/div>\n<div class=\"col-md-12 col-sm-12\">\n<span class=\"wpcf7-form-control-wrap\" data-name=\"your-message\"><textarea name=\"your-message\" cols=\"40\" rows=\"10\" class=\"wpcf7-form-control wpcf7-textarea\" aria-invalid=\"false\">Message<\/textarea><\/span><input type=\"submit\" value=\"SEND MESSAGE\" class=\"wpcf7-form-control has-spinner wpcf7-submit\" \/>\n<\/div>\n<\/div>\n<div class=\"wpcf7-response-output\" aria-hidden=\"true\"><\/div><\/form><\/div>[\/vc_column_inner][vc_column_inner width=&#8220;1\/4&#8243;][vc_empty_space][\/vc_column_inner][\/vc_row_inner][\/vc_column][\/vc_row][vc_row layout=&#8220;boxed&#8220; el_class=&#8220;margin-top-120 margin-bottom-120&#8243;][vc_column width=&#8220;1\/3&#8243; el_class=&#8220;col-md-4 col-sm-12 sm-margin-bottom-30&#8243; css=&#8220;.vc_custom_1447749531406{padding-top: 103px !important;}&#8220;][\/vc_column][vc_column width=&#8220;2\/3&#8243; el_class=&#8220;col-md-8 col-sm-12&#8243;][\/vc_column][\/vc_row]<\/p>\n","protected":false},"excerpt":{"rendered":"<p>[vc_row][vc_column][vc_empty_space height=&#8220;92px&#8220;][vc_row_inner][vc_column_inner width=&#8220;1\/4&#8243;][vc_empty_space][\/vc_column_inner][vc_column_inner width=&#8220;1\/2&#8243;][\/vc_column_inner][vc_column_inner width=&#8220;1\/4&#8243;][vc_empty_space][\/vc_column_inner][\/vc_row_inner][vc_empty_space height=&#8220;92px&#8220;][\/vc_column][\/vc_row][vc_row layout=&#8220;fullwidth-visible&#8220;][vc_column width=&#8220;1\/4&#8243;][vc_empty_space][\/vc_column][vc_column width=&#8220;1\/4&#8243;][\/vc_column][vc_column width=&#8220;1\/4&#8243;][\/vc_column][vc_column width=&#8220;1\/4&#8243;][\/vc_column][\/vc_row][vc_row][vc_column][vc_empty_space][vc_row_inner][vc_column_inner width=&#8220;1\/4&#8243;][vc_empty_space][\/vc_column_inner][vc_column_inner width=&#8220;1\/2&#8243;][\/vc_column_inner][vc_column_inner width=&#8220;1\/4&#8243;][vc_empty_space][\/vc_column_inner][\/vc_row_inner][\/vc_column][\/vc_row][vc_row layout=&#8220;boxed&#8220; el_class=&#8220;margin-top-120 margin-bottom-120&#8243;][vc_column width=&#8220;1\/3&#8243; el_class=&#8220;col-md-4 col-sm-12 sm-margin-bottom-30&#8243; css=&#8220;.vc_custom_1447749531406{padding-top: 103px !important;}&#8220;][\/vc_column][vc_column width=&#8220;2\/3&#8243; el_class=&#8220;col-md-8 col-sm-12&#8243;][\/vc_column][\/vc_row]<\/p>\n","protected":false},"author":1,"featured_media":0,"parent":0,"menu_order":0,"comment_status":"closed","ping_status":"closed","template":"","meta":[],"_links":{"self":[{"href":"https:\/\/sausagepeeler.eu\/de\/wp-json\/wp\/v2\/pages\/4944"}],"collection":[{"href":"https:\/\/sausagepeeler.eu\/de\/wp-json\/wp\/v2\/pages"}],"about":[{"href":"https:\/\/sausagepeeler.eu\/de\/wp-json\/wp\/v2\/types\/page"}],"author":[{"embeddable":true,"href":"https:\/\/sausagepeeler.eu\/de\/wp-json\/wp\/v2\/users\/1"}],"replies":[{"embeddable":true,"href":"https:\/\/sausagepeeler.eu\/de\/wp-json\/wp\/v2\/comments?post=4944"}],"version-history":[{"count":8,"href":"https:\/\/sausagepeeler.eu\/de\/wp-json\/wp\/v2\/pages\/4944\/revisions"}],"predecessor-version":[{"id":4952,"href":"https:\/\/sausagepeeler.eu\/de\/wp-json\/wp\/v2\/pages\/4944\/revisions\/4952"}],"wp:attachment":[{"href":"https:\/\/sausagepeeler.eu\/de\/wp-json\/wp\/v2\/media?parent=4944"}],"curies":[{"name":"wp","href":"https:\/\/api.w.org\/{rel}","templated":true}]}}