{"id":4879,"date":"2022-07-15T10:58:47","date_gmt":"2022-07-15T08:58:47","guid":{"rendered":"https:\/\/sausagepeeler.eu\/news-wurstschaelmaschinen-und-ersatzteile\/"},"modified":"2022-08-10T13:34:29","modified_gmt":"2022-08-10T11:34:29","slug":"neuigkeiten-wurstschaelmaschinen-und-ersatzteile","status":"publish","type":"page","link":"https:\/\/sausagepeeler.eu\/de\/neuigkeiten-wurstschaelmaschinen-und-ersatzteile\/","title":{"rendered":"Neuigkeiten Wurstsch\u00e4lmaschinen und Ersatzteile"},"content":{"rendered":"<p>[vc_row][vc_column]            <div class=\"shortcode-blog-wrap  \" >\n                <div class=\"blog-wrap medium-image\">\n                    <div class=\"blog-inner clearfix blog-style-medium-image\">\n                        <article id=\"post-4912\" class=\"clearfix post-4912 post type-post status-publish format-standard has-post-thumbnail hentry category-flyer-de tag-englischer-wurstschaler-flyer tag-wurstschaler\">\n                <div class=\"entry-thumbnail-wrap\">\n            <div class=\"entry-thumbnail\">\n                        <a href=\"https:\/\/sausagepeeler.eu\/de\/englischer-wurstschaeler-flyer\/\" title=\"Englischer Wurstsch\u00e4ler Flyer\" class=\"entry-thumbnail-overlay\">\n                            <img width=\"370\" height=\"248\" class=\"img-responsive\" src=\"https:\/\/sausagepeeler.eu\/wp-content\/uploads\/2016\/05\/flyerjimsaus-370x248.jpg\" alt=\"Englischer Wurstsch\u00e4ler Flyer\" \/>\n                        <\/a>\n                        <a data-rel=\"prettyPhoto\" href=\"https:\/\/sausagepeeler.eu\/wp-content\/uploads\/2016\/05\/flyerjimsaus.jpg\" class=\"prettyPhoto\"><i class=\"fa fa-expand\"><\/i><\/a>\n                      <\/div>        <\/div>\n        <div class=\"entry-content-wrap\">\n        <h3 class=\"entry-post-title p-font\">\n            <a href=\"https:\/\/sausagepeeler.eu\/de\/englischer-wurstschaeler-flyer\/\" rel=\"bookmark\" title=\"Englischer Wurstsch\u00e4ler Flyer\">Englischer Wurstsch\u00e4ler Flyer<\/a>\n        <\/h3>\n        <div class=\"entry-post-meta-wrap\">\n            <ul class=\"entry-meta s-font\">\n    <li class=\"entry-meta-date\">\n        <span>Posted:<\/span> <a href=\"https:\/\/sausagepeeler.eu\/de\/englischer-wurstschaeler-flyer\/\" rel=\"bookmark\" title=\"Englischer Wurstsch\u00e4ler Flyer\"> Juli 15, 2022 <\/a>\n    <\/li>\n\n    <li class=\"entry-meta-author\">\n        <span>By:<\/span> <a href=\"https:\/\/sausagepeeler.eu\/de\/author\/admin\/\">admin<\/a>    <\/li>\n\n            <li class=\"entry-meta-category\">\n            <span>Category:<\/span> <a href=\"https:\/\/sausagepeeler.eu\/de\/Rubrik\/flyer-de\/\" rel=\"category tag\">Flyer<\/a>        <\/li>\n    \n        <\/ul>        <\/div>\n        <div class=\"entry-excerpt\">\n            <p>F\u00fcr unsere internationalen Kunden gibt es unseren Wurstsch\u00e4ler-Flyer jetzt auch in englischer Sprache. \u00dcber den unten stehenden Link k\u00f6nnen Sie sich diese ansehen: https:\/\/onedrive.live.com\/redir?resid=62E2890E6328F0F9!5614&amp;authkey=!AHQFFI6emzmUQDk&amp;ithint=file%2cpdf &nbsp; M\u00f6chten Sie mehr Informationen \u00fcber unseren Wurstsch\u00e4ler? &nbsp; Sie k\u00f6nnen uns gerne kontaktieren, wenn Sie Fragen haben oder weitere Informationen w\u00fcnschenFeel free to contact us if you have any question [&hellip;]<\/p>\n        <\/div>\n        <div class=\"entry-content-footer social-share-hover\">\n            <a class=\"m-button m-button-3d m-button-primary m-button-xs\" href=\"https:\/\/sausagepeeler.eu\/de\/englischer-wurstschaeler-flyer\/\" rel=\"bookmark\" title=\"Englischer Wurstsch\u00e4ler Flyer\">Read More<\/a>\n                <div class=\"social-share-wrap\">\n        <a class=\"m-button m-button-3d m-button-gray m-button-xs\" href=\"javascript:;\" rel=\"bookmark\" title=\"Englischer Wurstsch\u00e4ler Flyer\">Share <i class=\"micon icon-share\"><\/i><\/a>\n        <ul class=\"social-profile s-rounded s-secondary s-md\">\n                            <li>\n                    <a onclick=\"window.open('https:\/\/www.facebook.com\/sharer.php?s=100&amp;p[url]=https%3A%2F%2Fsausagepeeler.eu%2Fde%2Fenglischer-wurstschaeler-flyer%2F','sharer', 'toolbar=0,status=0,width=620,height=280');\"  href=\"javascript:;\">\n                        <i class=\"fa fa-facebook\"><\/i>\n                    <\/a>\n                <\/li>\n            \n                            <li>\n                    <a onclick=\"popUp=window.open('http:\/\/twitter.com\/home?status=Englischer+Wurstsch%C3%A4ler+Flyer https%3A%2F%2Fsausagepeeler.eu%2Fde%2Fenglischer-wurstschaeler-flyer%2F','sharer','scrollbars=yes,width=800,height=400');popUp.focus();return false;\"  href=\"javascript:;\">\n                        <i class=\"fa fa-twitter\"><\/i>\n                    <\/a>\n                <\/li>\n            \n                            <li>\n                    <a  href=\"javascript:;\" onclick=\"popUp=window.open('https:\/\/plus.google.com\/share?url=https%3A%2F%2Fsausagepeeler.eu%2Fde%2Fenglischer-wurstschaeler-flyer%2F','sharer','scrollbars=yes,width=800,height=400');popUp.focus();return false;\">\n                        <i class=\"fa fa-google-plus\"><\/i>\n                    <\/a>\n                <\/li>\n            \n                            <li>\n                    <a  onclick=\"popUp=window.open('http:\/\/linkedin.com\/shareArticle?mini=true&amp;url=https%3A%2F%2Fsausagepeeler.eu%2Fde%2Fenglischer-wurstschaeler-flyer%2F&amp;title=Englischer+Wurstsch%C3%A4ler+Flyer','sharer','scrollbars=yes,width=800,height=400');popUp.focus();return false;\" href=\"javascript:;\">\n                        <i class=\"fa fa-linkedin\"><\/i>\n                    <\/a>\n                <\/li>\n            \n                            <li>\n                    <a onclick=\"popUp=window.open('http:\/\/www.tumblr.com\/share\/link?url=https%3A%2F%2Fsausagepeeler.eu%2Fde%2Fenglischer-wurstschaeler-flyer%2F&amp;name=Englischer+Wurstsch%C3%A4ler+Flyer&amp;description=F%C3%BCr+unsere+internationalen+Kunden+gibt+es+unseren+Wurstsch%C3%A4ler-Flyer+jetzt+auch+in+englischer+Sprache.+%C3%9Cber+den+unten+stehenden+Link+k%C3%B6nnen+Sie+sich+diese+ansehen%3A+https%3A%2F%2Fonedrive.live.com%2Fredir%3Fresid%3D62E2890E6328F0F9%215614%26amp%3Bauthkey%3D%21AHQFFI6emzmUQDk%26amp%3Bithint%3Dfile%252cpdf+%26nbsp%3B+M%C3%B6chten+Sie+mehr+Informationen+%C3%BCber+unseren+Wurstsch%C3%A4ler%3F+%26nbsp%3B+Sie+k%C3%B6nnen+uns+gerne+kontaktieren%2C+wenn+Sie+Fragen+haben+oder+weitere+Informationen+w%C3%BCnschenFeel+free+to+contact+us+if+you+have+any+question+%5B%26hellip%3B%5D','sharer','scrollbars=yes,width=800,height=400');popUp.focus();return false;\" href=\"javascript:;\">\n                        <i class=\"fa fa-tumblr\"><\/i>\n                    <\/a>\n                <\/li>\n\n            \n                            <li>\n                    <a onclick=\"popUp=window.open('http:\/\/pinterest.com\/pin\/create\/button\/?url=https%3A%2F%2Fsausagepeeler.eu%2Fde%2Fenglischer-wurstschaeler-flyer%2F&amp;description=Englischer+Wurstsch%C3%A4ler+Flyer&amp;media=https:\/\/sausagepeeler.eu\/wp-content\/uploads\/2016\/05\/flyerjimsaus.jpg','sharer','scrollbars=yes,width=800,height=400');popUp.focus();return false;\" href=\"javascript:;\">\n                    <i class=\"fa fa-pinterest\"><\/i>\n                    <\/a>\n                <\/li>\n                    <\/ul>\n    <\/div>\n        <\/div>\n    <\/div>\n<\/article>\n\n\n<article id=\"post-4910\" class=\"clearfix post-4910 post type-post status-publish format-standard has-post-thumbnail hentry category-beitrage-de category-english-de tag-hochgeschwindigkeits-schalbarkeit tag-schalbarkeit tag-was-sind-die-ursachen-fur-die-hochgeschwindigkeitsschalbarkeit\">\n                <div class=\"entry-thumbnail-wrap\">\n            <div class=\"entry-thumbnail\">\n                        <a href=\"https:\/\/sausagepeeler.eu\/de\/was-sind-die-ursachen-fuer-die-hochgeschwindigkeitsschaelbarkeit\/\" title=\"Was sind die Ursachen f\u00fcr die Hochgeschwindigkeitssch\u00e4lbarkeit?\" class=\"entry-thumbnail-overlay\">\n                            <img width=\"370\" height=\"248\" class=\"img-responsive\" src=\"https:\/\/sausagepeeler.eu\/wp-content\/uploads\/2016\/08\/What-causes-high-speed-peelability-370x248.png\" alt=\"Was sind die Ursachen f\u00fcr die Hochgeschwindigkeitssch\u00e4lbarkeit?\" \/>\n                        <\/a>\n                        <a data-rel=\"prettyPhoto\" href=\"https:\/\/sausagepeeler.eu\/wp-content\/uploads\/2016\/08\/What-causes-high-speed-peelability.png\" class=\"prettyPhoto\"><i class=\"fa fa-expand\"><\/i><\/a>\n                      <\/div>        <\/div>\n        <div class=\"entry-content-wrap\">\n        <h3 class=\"entry-post-title p-font\">\n            <a href=\"https:\/\/sausagepeeler.eu\/de\/was-sind-die-ursachen-fuer-die-hochgeschwindigkeitsschaelbarkeit\/\" rel=\"bookmark\" title=\"Was sind die Ursachen f\u00fcr die Hochgeschwindigkeitssch\u00e4lbarkeit?\">Was sind die Ursachen f\u00fcr die Hochgeschwindigkeitssch\u00e4lbarkeit?<\/a>\n        <\/h3>\n        <div class=\"entry-post-meta-wrap\">\n            <ul class=\"entry-meta s-font\">\n    <li class=\"entry-meta-date\">\n        <span>Posted:<\/span> <a href=\"https:\/\/sausagepeeler.eu\/de\/was-sind-die-ursachen-fuer-die-hochgeschwindigkeitsschaelbarkeit\/\" rel=\"bookmark\" title=\"Was sind die Ursachen f\u00fcr die Hochgeschwindigkeitssch\u00e4lbarkeit?\"> Juli 15, 2022 <\/a>\n    <\/li>\n\n    <li class=\"entry-meta-author\">\n        <span>By:<\/span> <a href=\"https:\/\/sausagepeeler.eu\/de\/author\/admin\/\">admin<\/a>    <\/li>\n\n            <li class=\"entry-meta-category\">\n            <span>Category:<\/span> <a href=\"https:\/\/sausagepeeler.eu\/de\/Rubrik\/beitrage-de\/\" rel=\"category tag\">Beitr\u00e4ge<\/a> \/ <a href=\"https:\/\/sausagepeeler.eu\/de\/Rubrik\/english-de\/\" rel=\"category tag\">English<\/a>        <\/li>\n    \n        <\/ul>        <\/div>\n        <div class=\"entry-excerpt\">\n            <p>Wie wir gesehen haben, ist einer der Hauptfaktoren f\u00fcr die Leichtigkeit des Sch\u00e4lens von Franks die Oberfl\u00e4chenbildung. In der Wurstindustrie ist seit langem bekannt, dass sich auf dem W\u00fcrstchen eine gute glatte Oberfl\u00e4che bilden muss. Diese glatte Oberfl\u00e4che ist auf die Koagulation von l\u00f6slichem Protein an der Oberfl\u00e4che zur\u00fcckzuf\u00fchren. Das Eiwei\u00df wandert an die Oberfl\u00e4che, [&hellip;]<\/p>\n        <\/div>\n        <div class=\"entry-content-footer social-share-hover\">\n            <a class=\"m-button m-button-3d m-button-primary m-button-xs\" href=\"https:\/\/sausagepeeler.eu\/de\/was-sind-die-ursachen-fuer-die-hochgeschwindigkeitsschaelbarkeit\/\" rel=\"bookmark\" title=\"Was sind die Ursachen f\u00fcr die Hochgeschwindigkeitssch\u00e4lbarkeit?\">Read More<\/a>\n                <div class=\"social-share-wrap\">\n        <a class=\"m-button m-button-3d m-button-gray m-button-xs\" href=\"javascript:;\" rel=\"bookmark\" title=\"Was sind die Ursachen f\u00fcr die Hochgeschwindigkeitssch\u00e4lbarkeit?\">Share <i class=\"micon icon-share\"><\/i><\/a>\n        <ul class=\"social-profile s-rounded s-secondary s-md\">\n                            <li>\n                    <a onclick=\"window.open('https:\/\/www.facebook.com\/sharer.php?s=100&amp;p[url]=https%3A%2F%2Fsausagepeeler.eu%2Fde%2Fwas-sind-die-ursachen-fuer-die-hochgeschwindigkeitsschaelbarkeit%2F','sharer', 'toolbar=0,status=0,width=620,height=280');\"  href=\"javascript:;\">\n                        <i class=\"fa fa-facebook\"><\/i>\n                    <\/a>\n                <\/li>\n            \n                            <li>\n                    <a onclick=\"popUp=window.open('http:\/\/twitter.com\/home?status=Was+sind+die+Ursachen+f%C3%BCr+die+Hochgeschwindigkeitssch%C3%A4lbarkeit%3F https%3A%2F%2Fsausagepeeler.eu%2Fde%2Fwas-sind-die-ursachen-fuer-die-hochgeschwindigkeitsschaelbarkeit%2F','sharer','scrollbars=yes,width=800,height=400');popUp.focus();return false;\"  href=\"javascript:;\">\n                        <i class=\"fa fa-twitter\"><\/i>\n                    <\/a>\n                <\/li>\n            \n                            <li>\n                    <a  href=\"javascript:;\" onclick=\"popUp=window.open('https:\/\/plus.google.com\/share?url=https%3A%2F%2Fsausagepeeler.eu%2Fde%2Fwas-sind-die-ursachen-fuer-die-hochgeschwindigkeitsschaelbarkeit%2F','sharer','scrollbars=yes,width=800,height=400');popUp.focus();return false;\">\n                        <i class=\"fa fa-google-plus\"><\/i>\n                    <\/a>\n                <\/li>\n            \n                            <li>\n                    <a  onclick=\"popUp=window.open('http:\/\/linkedin.com\/shareArticle?mini=true&amp;url=https%3A%2F%2Fsausagepeeler.eu%2Fde%2Fwas-sind-die-ursachen-fuer-die-hochgeschwindigkeitsschaelbarkeit%2F&amp;title=Was+sind+die+Ursachen+f%C3%BCr+die+Hochgeschwindigkeitssch%C3%A4lbarkeit%3F','sharer','scrollbars=yes,width=800,height=400');popUp.focus();return false;\" href=\"javascript:;\">\n                        <i class=\"fa fa-linkedin\"><\/i>\n                    <\/a>\n                <\/li>\n            \n                            <li>\n                    <a onclick=\"popUp=window.open('http:\/\/www.tumblr.com\/share\/link?url=https%3A%2F%2Fsausagepeeler.eu%2Fde%2Fwas-sind-die-ursachen-fuer-die-hochgeschwindigkeitsschaelbarkeit%2F&amp;name=Was+sind+die+Ursachen+f%C3%BCr+die+Hochgeschwindigkeitssch%C3%A4lbarkeit%3F&amp;description=Wie+wir+gesehen+haben%2C+ist+einer+der+Hauptfaktoren+f%C3%BCr+die+Leichtigkeit+des+Sch%C3%A4lens+von+Franks+die+Oberfl%C3%A4chenbildung.+In+der+Wurstindustrie+ist+seit+langem+bekannt%2C+dass+sich+auf+dem+W%C3%BCrstchen+eine+gute+glatte+Oberfl%C3%A4che+bilden+muss.+Diese+glatte+Oberfl%C3%A4che+ist+auf+die+Koagulation+von+l%C3%B6slichem+Protein+an+der+Oberfl%C3%A4che+zur%C3%BCckzuf%C3%BChren.+Das+Eiwei%C3%9F+wandert+an+die+Oberfl%C3%A4che%2C+%5B%26hellip%3B%5D','sharer','scrollbars=yes,width=800,height=400');popUp.focus();return false;\" href=\"javascript:;\">\n                        <i class=\"fa fa-tumblr\"><\/i>\n                    <\/a>\n                <\/li>\n\n            \n                            <li>\n                    <a onclick=\"popUp=window.open('http:\/\/pinterest.com\/pin\/create\/button\/?url=https%3A%2F%2Fsausagepeeler.eu%2Fde%2Fwas-sind-die-ursachen-fuer-die-hochgeschwindigkeitsschaelbarkeit%2F&amp;description=Was+sind+die+Ursachen+f%C3%BCr+die+Hochgeschwindigkeitssch%C3%A4lbarkeit%3F&amp;media=https:\/\/sausagepeeler.eu\/wp-content\/uploads\/2016\/08\/What-causes-high-speed-peelability.png','sharer','scrollbars=yes,width=800,height=400');popUp.focus();return false;\" href=\"javascript:;\">\n                    <i class=\"fa fa-pinterest\"><\/i>\n                    <\/a>\n                <\/li>\n                    <\/ul>\n    <\/div>\n        <\/div>\n    <\/div>\n<\/article>\n\n\n<article id=\"post-4909\" class=\"clearfix post-4909 post type-post status-publish format-video hentry category-english-de category-video-de tag-sausagepeeler-eu-de tag-schaler tag-wurst tag-wurstschaler post_format-post-format-video\">\n            <div class=\"entry-content-wrap\">\n        <h3 class=\"entry-post-title p-font\">\n            <a href=\"https:\/\/sausagepeeler.eu\/de\/wurstschaeler-by-j-i-m-international-trading\/\" rel=\"bookmark\" title=\"Wurstsch\u00e4ler by J.I.M. International Trading\">Wurstsch\u00e4ler by J.I.M. International Trading<\/a>\n        <\/h3>\n        <div class=\"entry-post-meta-wrap\">\n            <ul class=\"entry-meta s-font\">\n    <li class=\"entry-meta-date\">\n        <span>Posted:<\/span> <a href=\"https:\/\/sausagepeeler.eu\/de\/wurstschaeler-by-j-i-m-international-trading\/\" rel=\"bookmark\" title=\"Wurstsch\u00e4ler by J.I.M. International Trading\"> Juli 15, 2022 <\/a>\n    <\/li>\n\n    <li class=\"entry-meta-author\">\n        <span>By:<\/span> <a href=\"https:\/\/sausagepeeler.eu\/de\/author\/admin\/\">admin<\/a>    <\/li>\n\n            <li class=\"entry-meta-category\">\n            <span>Category:<\/span> <a href=\"https:\/\/sausagepeeler.eu\/de\/Rubrik\/english-de\/\" rel=\"category tag\">English<\/a> \/ <a href=\"https:\/\/sausagepeeler.eu\/de\/Rubrik\/video-de\/\" rel=\"category tag\">Video<\/a>        <\/li>\n    \n        <\/ul>        <\/div>\n        <div class=\"entry-excerpt\">\n            <p>J.I.M. International Trading ist stolz darauf, unseren bisher effizientesten Wurstsch\u00e4ler vorzustellen. Wir haben einen neuen Sch\u00e4ler entwickelt, der gleichzeitig schnell und kosteneffizient ist. Wir k\u00f6nnen alle Ersatzteile f\u00fcr unseren J.I.M. Wurstsch\u00e4ler in Zusammenarbeit mit lokalen Partnern liefern. Wir haben einen neuen Sch\u00e4ler entwickelt, der schnell und kosteng\u00fcnstig zugleich ist Wir k\u00f6nnen alle Ersatzteile f\u00fcr unseren [&hellip;]<\/p>\n        <\/div>\n        <div class=\"entry-content-footer social-share-hover\">\n            <a class=\"m-button m-button-3d m-button-primary m-button-xs\" href=\"https:\/\/sausagepeeler.eu\/de\/wurstschaeler-by-j-i-m-international-trading\/\" rel=\"bookmark\" title=\"Wurstsch\u00e4ler by J.I.M. International Trading\">Read More<\/a>\n                <div class=\"social-share-wrap\">\n        <a class=\"m-button m-button-3d m-button-gray m-button-xs\" href=\"javascript:;\" rel=\"bookmark\" title=\"Wurstsch\u00e4ler by J.I.M. International Trading\">Share <i class=\"micon icon-share\"><\/i><\/a>\n        <ul class=\"social-profile s-rounded s-secondary s-md\">\n                            <li>\n                    <a onclick=\"window.open('https:\/\/www.facebook.com\/sharer.php?s=100&amp;p[url]=https%3A%2F%2Fsausagepeeler.eu%2Fde%2Fwurstschaeler-by-j-i-m-international-trading%2F','sharer', 'toolbar=0,status=0,width=620,height=280');\"  href=\"javascript:;\">\n                        <i class=\"fa fa-facebook\"><\/i>\n                    <\/a>\n                <\/li>\n            \n                            <li>\n                    <a onclick=\"popUp=window.open('http:\/\/twitter.com\/home?status=Wurstsch%C3%A4ler+by+J.I.M.+International+Trading https%3A%2F%2Fsausagepeeler.eu%2Fde%2Fwurstschaeler-by-j-i-m-international-trading%2F','sharer','scrollbars=yes,width=800,height=400');popUp.focus();return false;\"  href=\"javascript:;\">\n                        <i class=\"fa fa-twitter\"><\/i>\n                    <\/a>\n                <\/li>\n            \n                            <li>\n                    <a  href=\"javascript:;\" onclick=\"popUp=window.open('https:\/\/plus.google.com\/share?url=https%3A%2F%2Fsausagepeeler.eu%2Fde%2Fwurstschaeler-by-j-i-m-international-trading%2F','sharer','scrollbars=yes,width=800,height=400');popUp.focus();return false;\">\n                        <i class=\"fa fa-google-plus\"><\/i>\n                    <\/a>\n                <\/li>\n            \n                            <li>\n                    <a  onclick=\"popUp=window.open('http:\/\/linkedin.com\/shareArticle?mini=true&amp;url=https%3A%2F%2Fsausagepeeler.eu%2Fde%2Fwurstschaeler-by-j-i-m-international-trading%2F&amp;title=Wurstsch%C3%A4ler+by+J.I.M.+International+Trading','sharer','scrollbars=yes,width=800,height=400');popUp.focus();return false;\" href=\"javascript:;\">\n                        <i class=\"fa fa-linkedin\"><\/i>\n                    <\/a>\n                <\/li>\n            \n                            <li>\n                    <a onclick=\"popUp=window.open('http:\/\/www.tumblr.com\/share\/link?url=https%3A%2F%2Fsausagepeeler.eu%2Fde%2Fwurstschaeler-by-j-i-m-international-trading%2F&amp;name=Wurstsch%C3%A4ler+by+J.I.M.+International+Trading&amp;description=J.I.M.+International+Trading+ist+stolz+darauf%2C+unseren+bisher+effizientesten+Wurstsch%C3%A4ler+vorzustellen.+Wir+haben+einen+neuen+Sch%C3%A4ler+entwickelt%2C+der+gleichzeitig+schnell+und+kosteneffizient+ist.+Wir+k%C3%B6nnen+alle+Ersatzteile+f%C3%BCr+unseren+J.I.M.+Wurstsch%C3%A4ler+in+Zusammenarbeit+mit+lokalen+Partnern+liefern.+Wir+haben+einen+neuen+Sch%C3%A4ler+entwickelt%2C+der+schnell+und+kosteng%C3%BCnstig+zugleich+ist+Wir+k%C3%B6nnen+alle+Ersatzteile+f%C3%BCr+unseren+%5B%26hellip%3B%5D','sharer','scrollbars=yes,width=800,height=400');popUp.focus();return false;\" href=\"javascript:;\">\n                        <i class=\"fa fa-tumblr\"><\/i>\n                    <\/a>\n                <\/li>\n\n            \n                            <li>\n                    <a onclick=\"popUp=window.open('http:\/\/pinterest.com\/pin\/create\/button\/?url=https%3A%2F%2Fsausagepeeler.eu%2Fde%2Fwurstschaeler-by-j-i-m-international-trading%2F&amp;description=Wurstsch%C3%A4ler+by+J.I.M.+International+Trading&amp;media=','sharer','scrollbars=yes,width=800,height=400');popUp.focus();return false;\" href=\"javascript:;\">\n                    <i class=\"fa fa-pinterest\"><\/i>\n                    <\/a>\n                <\/li>\n                    <\/ul>\n    <\/div>\n        <\/div>\n    <\/div>\n<\/article>\n\n\n                    <\/div>\n\n                    \n                <\/div>\n            <\/div>\n            [\/vc_column][\/vc_row]<\/p>\n","protected":false},"excerpt":{"rendered":"<p>[vc_row][vc_column][\/vc_column][\/vc_row]<\/p>\n","protected":false},"author":1,"featured_media":0,"parent":0,"menu_order":0,"comment_status":"closed","ping_status":"closed","template":"","meta":[],"_links":{"self":[{"href":"https:\/\/sausagepeeler.eu\/de\/wp-json\/wp\/v2\/pages\/4879"}],"collection":[{"href":"https:\/\/sausagepeeler.eu\/de\/wp-json\/wp\/v2\/pages"}],"about":[{"href":"https:\/\/sausagepeeler.eu\/de\/wp-json\/wp\/v2\/types\/page"}],"author":[{"embeddable":true,"href":"https:\/\/sausagepeeler.eu\/de\/wp-json\/wp\/v2\/users\/1"}],"replies":[{"embeddable":true,"href":"https:\/\/sausagepeeler.eu\/de\/wp-json\/wp\/v2\/comments?post=4879"}],"version-history":[{"count":3,"href":"https:\/\/sausagepeeler.eu\/de\/wp-json\/wp\/v2\/pages\/4879\/revisions"}],"predecessor-version":[{"id":4975,"href":"https:\/\/sausagepeeler.eu\/de\/wp-json\/wp\/v2\/pages\/4879\/revisions\/4975"}],"wp:attachment":[{"href":"https:\/\/sausagepeeler.eu\/de\/wp-json\/wp\/v2\/media?parent=4879"}],"curies":[{"name":"wp","href":"https:\/\/api.w.org\/{rel}","templated":true}]}}