{"id":4868,"date":"2022-07-14T17:22:30","date_gmt":"2022-07-14T15:22:30","guid":{"rendered":"https:\/\/sausagepeeler.eu\/ueber-uns-2\/"},"modified":"2022-08-10T13:38:12","modified_gmt":"2022-08-10T11:38:12","slug":"ueber-uns-2","status":"publish","type":"page","link":"https:\/\/sausagepeeler.eu\/de\/ueber-uns-2\/","title":{"rendered":"\u00dcber uns"},"content":{"rendered":"<p>[vc_row][vc_column][vc_column_text]Unsere Experten haben \u00fcber 25 Jahre Erfahrung im Bereich des industriellen Produktionsprozesses von Wurst. Wir sind daher in der Lage, eine angemessene Beratung auf h\u00f6chst professionelle Weise durchzuf\u00fchren. Unsere Experten haben ein Netz von lokalen Vertretern und Dienstleistern aufgebaut, die auch vor Ort Unterst\u00fctzung und Beratung anbieten k\u00f6nnen.[\/vc_column_text][vc_empty_space][\/vc_column][\/vc_row][vc_row][vc_column width=&#8220;1\/3&#8243;]\t\t\t<div class=\"iconbox icon-box-circle  text-center color-dark\" >\n                <div class=\"icon-box-shape\">\n                    <a title=\"QUALIT\u00c4T\" target=\"_self\" href=\"#\">\n                                                        <i class=\"micon icon-tools-1\"><\/i>\n                                                <\/a>\n                <\/div>\n                                    <h3><a title=\"QUALIT\u00c4T\" target=\"_self\" href=\"#\">QUALIT\u00c4T<\/a><\/h3>\n                                <p>All our products are checked for the best quality. We are working according to the TQM principles<\/p>\n                \t\t\t<\/div>\n            [\/vc_column][vc_column width=&#8220;1\/3&#8243;]\t\t\t<div class=\"iconbox icon-box-circle  text-center color-dark\" >\n                <div class=\"icon-box-shape\">\n                    <a title=\"WISSENSCHAFT\" target=\"_self\" href=\"#\">\n                                                        <i class=\"micon icon-lightbulb\"><\/i>\n                                                <\/a>\n                <\/div>\n                                    <h3><a title=\"WISSENSCHAFT\" target=\"_self\" href=\"#\">WISSENSCHAFT<\/a><\/h3>\n                                <p>Our experts have over 25 years of experience in the area of the sausage industrial production-process. We therefore are able to give appropriate advice in a most professional way.<\/p>\n                \t\t\t<\/div>\n            [\/vc_column][vc_column width=&#8220;1\/3&#8243;]\t\t\t<div class=\"iconbox icon-box-circle  text-center color-dark\" >\n                <div class=\"icon-box-shape\">\n                    <a title=\"SCHNELLER SERVICE\" target=\"_self\" href=\"#\">\n                                                        <i class=\"micon icon-clock\"><\/i>\n                                                <\/a>\n                <\/div>\n                                    <h3><a title=\"SCHNELLER SERVICE\" target=\"_self\" href=\"#\">SCHNELLER SERVICE<\/a><\/h3>\n                                <p>Our team offers fast and detailed solutions to your questions. We always try to respond within 24 hours of your questions. <\/p>\n                \t\t\t<\/div>\n            [\/vc_column][\/vc_row][vc_row][vc_column][vc_empty_space][\/vc_column][\/vc_row]<\/p>\n","protected":false},"excerpt":{"rendered":"<p>[vc_row][vc_column][vc_column_text]Unsere Experten haben \u00fcber 25 Jahre Erfahrung im Bereich des industriellen Produktionsprozesses von Wurst. Wir sind daher in der Lage, eine angemessene Beratung auf h\u00f6chst professionelle Weise durchzuf\u00fchren. Unsere Experten haben ein Netz von lokalen Vertretern und Dienstleistern aufgebaut, die auch vor Ort Unterst\u00fctzung und Beratung anbieten k\u00f6nnen.[\/vc_column_text][vc_empty_space][\/vc_column][\/vc_row][vc_row][vc_column width=&#8220;1\/3&#8243;][\/vc_column][vc_column width=&#8220;1\/3&#8243;][\/vc_column][vc_column width=&#8220;1\/3&#8243;][\/vc_column][\/vc_row][vc_row][vc_column][vc_empty_space][\/vc_column][\/vc_row]<\/p>\n","protected":false},"author":1,"featured_media":0,"parent":0,"menu_order":0,"comment_status":"closed","ping_status":"closed","template":"","meta":[],"_links":{"self":[{"href":"https:\/\/sausagepeeler.eu\/de\/wp-json\/wp\/v2\/pages\/4868"}],"collection":[{"href":"https:\/\/sausagepeeler.eu\/de\/wp-json\/wp\/v2\/pages"}],"about":[{"href":"https:\/\/sausagepeeler.eu\/de\/wp-json\/wp\/v2\/types\/page"}],"author":[{"embeddable":true,"href":"https:\/\/sausagepeeler.eu\/de\/wp-json\/wp\/v2\/users\/1"}],"replies":[{"embeddable":true,"href":"https:\/\/sausagepeeler.eu\/de\/wp-json\/wp\/v2\/comments?post=4868"}],"version-history":[{"count":4,"href":"https:\/\/sausagepeeler.eu\/de\/wp-json\/wp\/v2\/pages\/4868\/revisions"}],"predecessor-version":[{"id":4873,"href":"https:\/\/sausagepeeler.eu\/de\/wp-json\/wp\/v2\/pages\/4868\/revisions\/4873"}],"wp:attachment":[{"href":"https:\/\/sausagepeeler.eu\/de\/wp-json\/wp\/v2\/media?parent=4868"}],"curies":[{"name":"wp","href":"https:\/\/api.w.org\/{rel}","templated":true}]}}