{"id":4836,"date":"2022-07-08T10:32:39","date_gmt":"2022-07-08T08:32:39","guid":{"rendered":"https:\/\/sausagepeeler.eu\/wurstschaeler\/"},"modified":"2022-08-10T13:30:04","modified_gmt":"2022-08-10T11:30:04","slug":"wurstschaeler","status":"publish","type":"page","link":"https:\/\/sausagepeeler.eu\/de\/wurstschaeler\/","title":{"rendered":"J.I.M. Wurstsch\u00e4ler"},"content":{"rendered":"<p>[vc_row][vc_column width=&#8220;1\/2&#8243;]            <div class=\"heading color-dark size-md text-left \" >\n                                <div class=\"line-double\">\n                                                        <h2>\n                        J.I.M. Wurstsch\u00e4ler                    <\/h2>\n                                        <span>\n                        Wir stellen die n\u00e4chste Generation von Wurstsch\u00e4lern vor.                     <\/span>\n                                    <\/div>\n                                <p>\n                    J.I.M. International Trading ist stolz darauf, unseren bisher effizientesten Wurstsch\u00e4ler vorzustellen. Wir haben einen neuen Sch\u00e4ler entwickelt, der gleichzeitig schnell und kosteneffizient ist. Wir k\u00f6nnen alle Ersatzteile f\u00fcr unseren J.I.M. Wurstsch\u00e4ler in Zusammenarbeit mit lokalen Partnern liefern.                 <\/p>\n                            <\/div>\n            [vc_empty_space height=&#8220;16px&#8220;]\n                <a  class=\"m-button m-button-bordered m-button-xs m-button-primary blank\" href=\"https:\/\/sausagepeeler.eu\/wp-content\/uploads\/2017\/01\/jimpeelerfolder-1.pdf\" title=\"Technische Daten\" target=\" _blank\">\n                                        Technische Daten                <\/a>\n            [vc_empty_space][\/vc_column][vc_column width=&#8220;1\/2&#8243;][vc_single_image image=&#8220;4672&#8243; img_size=&#8220;medium&#8220;][vc_empty_space][\/vc_column][\/vc_row][vc_row][vc_column][vc_row_inner][vc_column_inner width=&#8220;1\/4&#8243;][\/vc_column_inner][vc_column_inner width=&#8220;1\/2&#8243;][\/vc_column_inner][vc_column_inner width=&#8220;1\/4&#8243;][\/vc_column_inner][\/vc_row_inner][vc_empty_space height=&#8220;64px&#8220;][\/vc_column][\/vc_row][vc_row][vc_column width=&#8220;1\/2&#8243;][vc_single_image image=&#8220;4693&#8243; img_size=&#8220;full&#8220;][\/vc_column][vc_column width=&#8220;1\/2&#8243;][vc_empty_space]            <div class=\"heading color-dark size-md text-left \" >\n                                <div class=\"line-double\">\n                                                        <h2>\n                        J.I.M. Wurstsch\u00e4ler                    <\/h2>\n                                        <span>\n                        Automatischer Wurstsch\u00e4ler, mittlere Geschwindigkeit                     <\/span>\n                                    <\/div>\n                                <p>\n                    - Material aus hochwertigem Kunststoff und rostfreiem Stahl<br \/>\n- Funktioniert ohne Dampf<br \/>\n- Leicht zu bedienen<br \/>\n- Kein fester Standort<br \/>\n- Individuelle Produktanpassung von Kaliber 12 bis 40 ab 4cm L\u00e4nge<br \/>\n- Integrierte Absaugung - Abfallbeh\u00e4lter<br \/>\n- Einfache Demontage zur Reinigung ohne Werkzeug<br \/>\n- Bis zu 900 kg\/h Produktdurchsatz (je nach Produkt)<br \/>\n- 750 L \/ min Luftverbrauch bei 7 barDruck<br \/>\n- 50Hz: 2,2kW 230\u0394 \/ 400Y 3 Phasen<br \/>\n- 60Hz: 2,55kW 265\u0394 \/ 460Y 3 Phasen<br \/>\n- 1800 U\/min Motordrehzahl<br \/>\n- 1240x750x1245mm Gesamtgr\u00f6\u00dfe (L\u00e4ngexBreitexH\u00f6he)                <\/p>\n                            <\/div>\n            [vc_empty_space height=&#8220;16px&#8220;][\/vc_column][\/vc_row][vc_row][vc_column][vc_empty_space height=&#8220;64px&#8220;][\/vc_column][\/vc_row][vc_row][vc_column width=&#8220;1\/2&#8243;]            <div class=\"heading color-dark size-md text-left \" >\n                                <div class=\"line-double\">\n                                                        <h2>\n                        J.I.M. Wurstsch\u00e4ler                     <\/h2>\n                                        <span>\n                        Manueller Wurstsch\u00e4ler mit geringer Kapazit\u00e4t                    <\/span>\n                                    <\/div>\n                                <p>\n                    - Material aus hochwertigem Kunststoff<br \/>\n- Kleinteile aus rostfreiem Stahl<br \/>\n- Einfache Demontage zur Reinigung<br \/>\n- Einfach zu bedienen - schnelle und rationelle Arbeitsweise<br \/>\n- Geeignet f\u00fcr Kal. 16 - 34<br \/>\n- Erforderlicher Druckluftanschluss von 5 bar                <\/p>\n                            <\/div>\n            [vc_empty_space height=&#8220;16px&#8220;][\/vc_column][vc_column width=&#8220;1\/2&#8243;][vc_single_image image=&#8220;4692&#8243; img_size=&#8220;full&#8220;][\/vc_column][\/vc_row][vc_row][vc_column][vc_empty_space height=&#8220;64px&#8220;][\/vc_column][\/vc_row][vc_row][vc_column width=&#8220;1\/4&#8243;]\t\t\t<div class=\"iconbox icon-box-circle  text-center color-dark\" >\n                <div class=\"icon-box-shape\">\n                    <a title=\"Betrieb\" target=\"_self\" href=\"#\">\n                                                        <i class=\"micon icon-185094-settings-streamline\"><\/i>\n                                                <\/a>\n                <\/div>\n                                    <h3><a title=\"Betrieb\" target=\"_self\" href=\"#\">Betrieb<\/a><\/h3>\n                                <p>Unser Wurstsch\u00e4ler ist einfach zu bedienen und kann an Ihre betrieblichen Standards angepasst werden.<\/p>\n                \t\t\t<\/div>\n            [\/vc_column][vc_column width=&#8220;1\/4&#8243;]\t\t\t<div class=\"iconbox icon-box-circle  text-center color-dark\" >\n                <div class=\"icon-box-shape\">\n                    <a title=\"Wartung\" target=\"_self\" href=\"#\">\n                                                        <i class=\"micon icon-gears\"><\/i>\n                                                <\/a>\n                <\/div>\n                                    <h3><a title=\"Wartung\" target=\"_self\" href=\"#\">Wartung<\/a><\/h3>\n                                <p>Wir k\u00f6nnen auch die Teile f\u00fcr den Wurstsch\u00e4ler anbieten<\/p>\n                \t\t\t<\/div>\n            [\/vc_column][vc_column width=&#8220;1\/4&#8243;]\t\t\t<div class=\"iconbox icon-box-circle  text-center color-dark\" >\n                <div class=\"icon-box-shape\">\n                    <a title=\"Schneller Service \" target=\"_self\" href=\"#\">\n                                                        <i class=\"micon icon-clock\"><\/i>\n                                                <\/a>\n                <\/div>\n                                    <h3><a title=\"Schneller Service \" target=\"_self\" href=\"#\">Schneller Service <\/a><\/h3>\n                                <p>Unser Expertenteam wird immer versuchen, innerhalb von 24 Stunden zu antworten.<\/p>\n                \t\t\t<\/div>\n            [\/vc_column][vc_column width=&#8220;1\/4&#8243;]\t\t\t<div class=\"iconbox icon-box-circle  text-center color-dark\" >\n                <div class=\"icon-box-shape\">\n                    <a title=\"Weltweite Partner\" target=\"_self\" href=\"#\">\n                                                        <i class=\"micon icon-global\"><\/i>\n                                                <\/a>\n                <\/div>\n                                    <h3><a title=\"Weltweite Partner\" target=\"_self\" href=\"#\">Weltweite Partner<\/a><\/h3>\n                                <p>Wir arbeiten mit globalen und lokalen Partnern zusammen, um Ihnen den besten Service zu bieten.<\/p>\n                \t\t\t<\/div>\n            [\/vc_column][\/vc_row][vc_row][vc_column][vc_empty_space][\/vc_column][\/vc_row]<\/p>\n","protected":false},"excerpt":{"rendered":"<p>[vc_row][vc_column width=&#8220;1\/2&#8243;][vc_empty_space height=&#8220;16px&#8220;][vc_empty_space][\/vc_column][vc_column width=&#8220;1\/2&#8243;][vc_single_image image=&#8220;4672&#8243; img_size=&#8220;medium&#8220;][vc_empty_space][\/vc_column][\/vc_row][vc_row][vc_column][vc_row_inner][vc_column_inner width=&#8220;1\/4&#8243;][\/vc_column_inner][vc_column_inner width=&#8220;1\/2&#8243;][\/vc_column_inner][vc_column_inner width=&#8220;1\/4&#8243;][\/vc_column_inner][\/vc_row_inner][vc_empty_space height=&#8220;64px&#8220;][\/vc_column][\/vc_row][vc_row][vc_column width=&#8220;1\/2&#8243;][vc_single_image image=&#8220;4693&#8243; img_size=&#8220;full&#8220;][\/vc_column][vc_column width=&#8220;1\/2&#8243;][vc_empty_space][vc_empty_space height=&#8220;16px&#8220;][\/vc_column][\/vc_row][vc_row][vc_column][vc_empty_space height=&#8220;64px&#8220;][\/vc_column][\/vc_row][vc_row][vc_column width=&#8220;1\/2&#8243;][vc_empty_space height=&#8220;16px&#8220;][\/vc_column][vc_column width=&#8220;1\/2&#8243;][vc_single_image image=&#8220;4692&#8243; img_size=&#8220;full&#8220;][\/vc_column][\/vc_row][vc_row][vc_column][vc_empty_space height=&#8220;64px&#8220;][\/vc_column][\/vc_row][vc_row][vc_column width=&#8220;1\/4&#8243;][\/vc_column][vc_column width=&#8220;1\/4&#8243;][\/vc_column][vc_column width=&#8220;1\/4&#8243;][\/vc_column][vc_column width=&#8220;1\/4&#8243;][\/vc_column][\/vc_row][vc_row][vc_column][vc_empty_space][\/vc_column][\/vc_row]<\/p>\n","protected":false},"author":2,"featured_media":0,"parent":0,"menu_order":0,"comment_status":"closed","ping_status":"closed","template":"","meta":[],"_links":{"self":[{"href":"https:\/\/sausagepeeler.eu\/de\/wp-json\/wp\/v2\/pages\/4836"}],"collection":[{"href":"https:\/\/sausagepeeler.eu\/de\/wp-json\/wp\/v2\/pages"}],"about":[{"href":"https:\/\/sausagepeeler.eu\/de\/wp-json\/wp\/v2\/types\/page"}],"author":[{"embeddable":true,"href":"https:\/\/sausagepeeler.eu\/de\/wp-json\/wp\/v2\/users\/2"}],"replies":[{"embeddable":true,"href":"https:\/\/sausagepeeler.eu\/de\/wp-json\/wp\/v2\/comments?post=4836"}],"version-history":[{"count":15,"href":"https:\/\/sausagepeeler.eu\/de\/wp-json\/wp\/v2\/pages\/4836\/revisions"}],"predecessor-version":[{"id":4973,"href":"https:\/\/sausagepeeler.eu\/de\/wp-json\/wp\/v2\/pages\/4836\/revisions\/4973"}],"wp:attachment":[{"href":"https:\/\/sausagepeeler.eu\/de\/wp-json\/wp\/v2\/media?parent=4836"}],"curies":[{"name":"wp","href":"https:\/\/api.w.org\/{rel}","templated":true}]}}