{"id":4789,"date":"2022-06-26T19:41:07","date_gmt":"2022-06-26T17:41:07","guid":{"rendered":"https:\/\/sausagepeeler.eu\/startseite\/"},"modified":"2022-08-10T13:05:12","modified_gmt":"2022-08-10T11:05:12","slug":"startseite","status":"publish","type":"page","link":"https:\/\/sausagepeeler.eu\/de\/","title":{"rendered":"Home"},"content":{"rendered":"<p>[vc_row el_id=&#8220;headerSlider&#8220; css=&#8220;.vc_custom_1660125472931{background: #0a0a0a url(https:\/\/sausagepeeler.eu\/wp-content\/uploads\/2016\/05\/Sausages.jpeg?id=3345) !important;}&#8220;][vc_column][vc_empty_space height=&#8220;64px&#8220;][vc_column_text el_class=&#8220;header_heading&#8220;]<\/p>\n<p style=\"text-align: center;\"><span style=\"color: #ffffff;\"><strong>Gekochte, ger\u00e4ucherte W\u00fcrste<\/strong><\/span><\/p>\n<p>[\/vc_column_text][vc_column_text el_class=&#8220;header_paragraph&#8220; css=&#8220;.vc_custom_1629835725832{margin-top: -30px !important;}&#8220;]<\/p>\n<p style=\"text-align: center;\"><em><span style=\"color: #ffffff;\">Hotdogs, Frankfurter W\u00fcrstchen, Jumbos, Veggie, Wiener, Wiener<\/span><\/em><\/p>\n<p>[\/vc_column_text][vc_empty_space height=&#8220;94px&#8220;][\/vc_column][\/vc_row][vc_row layout=&#8220;boxed&#8220; el_class=&#8220;margin-top-110 margin-bottom-120&#8243;][vc_column width=&#8220;1\/3&#8243; el_class=&#8220;col-md-4 col-sm-12&#8243; css=&#8220;.vc_custom_1450408361441{margin-top: 28px !important;}&#8220;][vc_single_image image=&#8220;4672&#8243; img_size=&#8220;full&#8220; css_animation=&#8220;left-to-right&#8220;][\/vc_column][vc_column width=&#8220;2\/3&#8243;][vc_custom_heading text=&#8220;J.I.M. WURSTSCH\u00c4LER&#8220; font_container=&#8220;tag:h1|font_size:60px|text_align:left&#8220; google_fonts=&#8220;font_family:Montserrat%3Aregular%2C700|font_style:400%20regular%3A400%3Anormal&#8220;]            <div class=\"heading color-dark size-sm text-left margin-bottom-50 fairplay\" >\n                                <div class=\"line-double\">\n                                                        <h2>\n                        Einf\u00fchrung der n\u00e4chsten Generation von Wurstsch\u00e4lern                    <\/h2>\n                                    <\/div>\n                                <p>\n                    J.I.M. International Trading is proud to introduce our most efficient sausage peeler yet. We have developed a new peeler that is both fast and cost efficient. We can supply all spare parts for our J.I.M. sausage peeler in cooperation with local partners.                 <\/p>\n                            <\/div>\n            \n                <a  class=\"m-button m-button-3d m-button-xs m-button-primary \" href=\"https:\/\/sausagepeeler.eu\/sausage-peeler\/\" title=\"Alle W\u00fcrstchensch\u00e4ler anzeigen\" target=\"_self\">\n                                        Alle W\u00fcrstchensch\u00e4ler anzeigen                <\/a>\n            [\/vc_column][\/vc_row][vc_row css=&#8220;.vc_custom_1450408021440{background-color: #eeeeee !important;}&#8220;][vc_column][vc_row_inner layout=&#8220;boxed&#8220; el_class=&#8220;margin-top-90 margin-bottom-90&#8243;][vc_column_inner]            <div data-plugin-options='{&quot;loop&quot;:true,&quot;center&quot;:false,&quot;nav&quot;:true,&quot;dots&quot;:false,&quot;autoplay&quot;:true,&quot;autoplayHoverPause&quot;:true,&quot;autoplayTimeout&quot;:5000,&quot;items&quot;:3,&quot;responsive&quot;:{&quot;0&quot;:{&quot;items&quot;:1},&quot;600&quot;:{&quot;items&quot;:2},&quot;768&quot;:{&quot;items&quot;:3},&quot;980&quot;:{&quot;items&quot;:3},&quot;1200&quot;:{&quot;items&quot;:3}}}' class=\"slider-container owl-g5plus-shortcode owl-carousel  \" >\n            \t\t\t<div class=\"iconbox icon-box-circle margin-top-30 top-inline color-dark\" >\n                <div class=\"icon-box-shape\">\n                    <a title=\"\" target=\"_self\" href=\"#\">\n                                                        <i class=\"micon icon-linegraph\"><\/i>\n                                                <\/a>\n                <\/div>\n                                    <h3><a title=\"\" target=\"_self\" href=\"#\">BESTE LEISTUNG<\/a><\/h3>\n                                <p>Our machine is designed for the best performances at low cost and easy to use as well.<\/p>\n                \t\t\t<\/div>\n            \t\t\t<div class=\"iconbox icon-box-circle margin-top-30 top-inline color-dark\" >\n                <div class=\"icon-box-shape\">\n                    <a title=\"\" target=\"_self\" href=\"#\">\n                                                        <i class=\"micon icon-clock\"><\/i>\n                                                <\/a>\n                <\/div>\n                                    <h3><a title=\"\" target=\"_self\" href=\"#\">SCHNELLER SERVICE<\/a><\/h3>\n                                <p>Our customers are very important for us. Our team will always do our best to respond within 24 hours from your message. <\/p>\n                \t\t\t<\/div>\n            \t\t\t<div class=\"iconbox icon-box-circle margin-top-30 top-inline color-dark\" >\n                <div class=\"icon-box-shape\">\n                    <a title=\"\" target=\"_self\" href=\"#\">\n                                                        <i class=\"micon icon-gears\"><\/i>\n                                                <\/a>\n                <\/div>\n                                    <h3><a title=\"\" target=\"_self\" href=\"#\">SERSATZTEILE<\/a><\/h3>\n                                <p>We also are able to deliver the full spare parts made for the Sausage Peeler.<\/p>\n                \t\t\t<\/div>\n            \t\t\t<div class=\"iconbox icon-box-circle margin-top-30 top-inline color-dark\" >\n                <div class=\"icon-box-shape\">\n                    <a title=\"\" target=\"_self\" href=\"#\">\n                                                        <i class=\"micon icon-tools\"><\/i>\n                                                <\/a>\n                <\/div>\n                                    <h3><a title=\"\" target=\"_self\" href=\"#\">ANGEPASST <\/a><\/h3>\n                                <p>Our sausage peeler machine can be adapted to your wishes and production standards. Feel free to contact our team for more information. <\/p>\n                \t\t\t<\/div>\n            \t\t\t<div class=\"iconbox icon-box-circle margin-top-30 top-inline color-dark\" >\n                <div class=\"icon-box-shape\">\n                    <a title=\"\" target=\"_self\" href=\"#\">\n                                                        <i class=\"micon icon-global\"><\/i>\n                                                <\/a>\n                <\/div>\n                                    <h3><a title=\"\" target=\"_self\" href=\"#\">GLOBALE PARTNER<\/a><\/h3>\n                                <p>We work together with global and local partners to give our customers the best service with a local and trusted business. <\/p>\n                \t\t\t<\/div>\n            \t\t\t<div class=\"iconbox icon-box-circle margin-top-30 top-inline color-dark\" >\n                <div class=\"icon-box-shape\">\n                    <a title=\"\" target=\"_self\" href=\"#\">\n                                                        <i class=\"micon icon-clipboard\"><\/i>\n                                                <\/a>\n                <\/div>\n                                    <h3><a title=\"\" target=\"_self\" href=\"#\">VOLLST\u00c4NDIGE DOKUMENTATION<\/a><\/h3>\n                                <p>All sausage peelers come with full documentation and instructions for the use of the machine. Our local partners and our team are always happy to help you when you have any questions. <\/p>\n                \t\t\t<\/div>\n                        <\/div>\n            [\/vc_column_inner][\/vc_row_inner][\/vc_column][\/vc_row][vc_row layout=&#8220;boxed&#8220; el_class=&#8220;margin-top-90 margin-bottom-120&#8243;][vc_column width=&#8220;1\/2&#8243; el_class=&#8220;col-md-6 col-sm-12 margin-top-30 sm-margin-bottom-40&#8243;]            <div class=\"heading color-dark size-md text-left \" >\n                                <div class=\"line-double\">\n                                                        <h2>\n                        J.I.M. WURSTSCH\u00c4LER                    <\/h2>\n                                        <span>\n                        Die Zukunft der W\u00fcrstchensch\u00e4lmaschinen                    <\/span>\n                                    <\/div>\n                                <p>\n                    Unser Wurstsch\u00e4ler ist kosteneffizient und aus hochwertigen Materialien gefertigt. Wir bieten auch Unterst\u00fctzung durch lokale Partner und Experten.                <\/p>\n                            <\/div>\n            [vc_empty_space]\n                <a  class=\"m-button m-button-3d m-button-xs m-button-secondary  wpb_animate_when_almost_visible g5plus-css-animation wpb_fadeInLeft\" href=\"https:\/\/sausagepeeler.eu\/de\/wurstschaeler\/\" title=\"weitere Informationen\" target=\" _blank\">\n                                        weitere Informationen                <\/a>\n            [\/vc_column][vc_column width=&#8220;1\/2&#8243; el_class=&#8220;col-md-6 col-sm-12 sm-margin-bottom-30 &#8222;][vc_empty_space height=&#8220;64px&#8220;][vc_video link=&#8220;https:\/\/youtu.be\/v1m1zJM9iY0&#8243; align=&#8220;center&#8220;][\/vc_column][\/vc_row][vc_row][vc_column][vc_separator][\/vc_column][\/vc_row][vc_row css=&#8220;.vc_custom_1450408437592{background-color: #eeeeee !important;}&#8220;][vc_column][vc_row_inner layout=&#8220;boxed&#8220; el_class=&#8220;margin-top-95 margin-bottom-100&#8243;][vc_column_inner el_class=&#8220;col-md-3 col-sm-6 sm-margin-bottom-50&#8243; width=&#8220;1\/4&#8243;]            <div class=\"counter \">\n                                                    <i class=\"micon icon-185095-settings-streamline p-color\"><\/i>\n                                    <span class=\"display-percentage p-font\" style=\"color: #444444\" data-percentage=\"2500\">2500<\/span>\n                                    <p class=\"counter-title s-font\" style=\"color: #444444\">Produktionskapazit\u00e4t kg\/Stunde<\/p>\n                            <\/div>\n            [\/vc_column_inner][vc_column_inner el_class=&#8220;col-md-3 col-sm-6 sm-margin-bottom-50&#8243; width=&#8220;1\/4&#8243;]            <div class=\"counter \">\n                                                    <i class=\"micon icon-cloud p-color\"><\/i>\n                                    <span class=\"display-percentage p-font\" style=\"color: #444444\" data-percentage=\"1600\">1600<\/span>\n                                    <p class=\"counter-title s-font\" style=\"color: #444444\">Luftverbrauch 1600 Liter\/Minute-5 bar<\/p>\n                            <\/div>\n            [\/vc_column_inner][vc_column_inner el_class=&#8220;col-md-3 col-sm-6 sm-margin-bottom-50&#8243; width=&#8220;1\/4&#8243;]            <div class=\"counter \">\n                                                    <i class=\"micon icon-layers p-color\"><\/i>\n                                    <span class=\"display-percentage p-font\" style=\"color: #444444\" data-percentage=\"270\">270<\/span>\n                                    <p class=\"counter-title s-font\" style=\"color: #444444\">Fassungsverm\u00f6gen des Beh\u00e4lters 270 Liter<\/p>\n                            <\/div>\n            [\/vc_column_inner][vc_column_inner el_class=&#8220;col-md-3 col-sm-6&#8243; width=&#8220;1\/4&#8243;]            <div class=\"counter \">\n                                                    <i class=\"micon icon-profile-male p-color\"><\/i>\n                                    <span class=\"display-percentage p-font\" style=\"color: #444444\" data-percentage=\"35\">35<\/span>\n                                    <p class=\"counter-title s-font\" style=\"color: #444444\">Engagierte Partner und Wiederverk\u00e4ufer<\/p>\n                            <\/div>\n            [\/vc_column_inner][\/vc_row_inner][\/vc_column][\/vc_row][vc_row parallax=&#8220;content-moving&#8220; parallax_speed=&#8220;2.5&#8243; overlay_set=&#8220;show_overlay_color&#8220; overlay_color=&#8220;#000000&#8243; overlay_opacity=&#8220;60&#8243; css=&#8220;.vc_custom_1450410226364{padding-top: 160px !important;background-image: url(https:\/\/sausagepeeler.eu\/wp-content\/uploads\/2015\/12\/background-03.jpg?id=39) !important;}&#8220;][vc_column css=&#8220;.vc_custom_1450404542433{padding-bottom: 170px !important;}&#8220;][vc_row_inner layout=&#8220;boxed&#8220; el_id=&#8220;home-handyman&#8220;][vc_column_inner]            <div class=\"heading color-light size-lg text-center margin-bottom-55\" >\n                                                        <h2>\n                        WIR GLAUBEN AN EINEN SCHNELLEN SERVICE DURCH ENGAGIERTE EXPERTEN                    <\/h2>\n                                        <span>\n                        Eine Antwort auf Ihre E-Mail innerhalb von 1 Arbeitstag                    <\/span>\n                                <\/div>\n            [\/vc_column_inner][vc_column_inner el_class=&#8220;text-right-xs-center xs-margin-bottom-15&#8243; width=&#8220;1\/2&#8243;]\n                <a  class=\"m-button m-button-3d m-button-xs m-button-secondary  wpb_animate_when_almost_visible g5plus-css-animation wpb_fadeInLeft\" href=\"https:\/\/sausagepeeler.eu\/de\/ueber-uns-2\/\" title=\"\u00dcBER UNS\" target=\" _blank\">\n                                        \u00dcBER UNS                <\/a>\n            [\/vc_column_inner][vc_column_inner el_class=&#8220;text-left-xs-center&#8220; width=&#8220;1\/2&#8243;]\n                <a  class=\"m-button m-button-bordered m-button-xs m-button-light  wpb_animate_when_almost_visible g5plus-css-animation wpb_fadeInRight\" href=\"https:\/\/sausagepeeler.eu\/de\/kontakt\/\" title=\"Kontakt\" target=\" _blank\">\n                                        Kontakt                <\/a>\n            [\/vc_column_inner][\/vc_row_inner][\/vc_column][\/vc_row][vc_row css=&#8220;.vc_custom_1447815444837{background-color: #f9f9f9 !important;}&#8220;][vc_column][\/vc_column][\/vc_row][vc_row][vc_column]            <div class=\"call-action style1 s-color-bg  \" >\n                <div class=\"container\">\n                                        <h4>Hohe Qualit\u00e4t bei niedrigen Kosten, die Zukunft von WURSTSCH\u00c4LER<\/h4>\n                                        <a class=\"m-button m-button-xs m-button-light m-button-bordered\" href=\"https:\/\/sausagepeeler.eu\/de\/wurstschaeler\/\"\n                       target=\"_self\">weitere Information                    <\/a>\n                <\/div>\n            <\/div>\n            [\/vc_column][\/vc_row][vc_row][vc_column][\/vc_column][\/vc_row]<\/p>\n","protected":false},"excerpt":{"rendered":"<p>[vc_row el_id=&#8220;headerSlider&#8220; css=&#8220;.vc_custom_1660125472931{background: #0a0a0a url(https:\/\/sausagepeeler.eu\/wp-content\/uploads\/2016\/05\/Sausages.jpeg?id=3345) !important;}&#8220;][vc_column][vc_empty_space height=&#8220;64px&#8220;][vc_column_text el_class=&#8220;header_heading&#8220;] Gekochte, ger\u00e4ucherte W\u00fcrste [\/vc_column_text][vc_column_text el_class=&#8220;header_paragraph&#8220; css=&#8220;.vc_custom_1629835725832{margin-top: -30px !important;}&#8220;] Hotdogs, Frankfurter W\u00fcrstchen, Jumbos, Veggie, Wiener, Wiener [\/vc_column_text][vc_empty_space height=&#8220;94px&#8220;][\/vc_column][\/vc_row][vc_row layout=&#8220;boxed&#8220; el_class=&#8220;margin-top-110 margin-bottom-120&#8243;][vc_column width=&#8220;1\/3&#8243; el_class=&#8220;col-md-4 col-sm-12&#8243; css=&#8220;.vc_custom_1450408361441{margin-top: 28px !important;}&#8220;][vc_single_image image=&#8220;4672&#8243; img_size=&#8220;full&#8220; css_animation=&#8220;left-to-right&#8220;][\/vc_column][vc_column width=&#8220;2\/3&#8243;][vc_custom_heading text=&#8220;J.I.M. WURSTSCH\u00c4LER&#8220; font_container=&#8220;tag:h1|font_size:60px|text_align:left&#8220; google_fonts=&#8220;font_family:Montserrat%3Aregular%2C700|font_style:400%20regular%3A400%3Anormal&#8220;][\/vc_column][\/vc_row][vc_row css=&#8220;.vc_custom_1450408021440{background-color: #eeeeee !important;}&#8220;][vc_column][vc_row_inner layout=&#8220;boxed&#8220; el_class=&#8220;margin-top-90 margin-bottom-90&#8243;][vc_column_inner][\/vc_column_inner][\/vc_row_inner][\/vc_column][\/vc_row][vc_row layout=&#8220;boxed&#8220; el_class=&#8220;margin-top-90 margin-bottom-120&#8243;][vc_column width=&#8220;1\/2&#8243; el_class=&#8220;col-md-6 col-sm-12 margin-top-30 [&hellip;]<\/p>\n","protected":false},"author":1,"featured_media":0,"parent":0,"menu_order":0,"comment_status":"closed","ping_status":"closed","template":"","meta":[],"_links":{"self":[{"href":"https:\/\/sausagepeeler.eu\/de\/wp-json\/wp\/v2\/pages\/4789"}],"collection":[{"href":"https:\/\/sausagepeeler.eu\/de\/wp-json\/wp\/v2\/pages"}],"about":[{"href":"https:\/\/sausagepeeler.eu\/de\/wp-json\/wp\/v2\/types\/page"}],"author":[{"embeddable":true,"href":"https:\/\/sausagepeeler.eu\/de\/wp-json\/wp\/v2\/users\/1"}],"replies":[{"embeddable":true,"href":"https:\/\/sausagepeeler.eu\/de\/wp-json\/wp\/v2\/comments?post=4789"}],"version-history":[{"count":97,"href":"https:\/\/sausagepeeler.eu\/de\/wp-json\/wp\/v2\/pages\/4789\/revisions"}],"predecessor-version":[{"id":4971,"href":"https:\/\/sausagepeeler.eu\/de\/wp-json\/wp\/v2\/pages\/4789\/revisions\/4971"}],"wp:attachment":[{"href":"https:\/\/sausagepeeler.eu\/de\/wp-json\/wp\/v2\/media?parent=4789"}],"curies":[{"name":"wp","href":"https:\/\/api.w.org\/{rel}","templated":true}]}}