{"id":4786,"date":"2022-05-04T14:17:49","date_gmt":"2022-05-04T12:17:49","guid":{"rendered":"https:\/\/sausagepeeler.eu\/schaelklingen-zum-schaelen-von-cocktail-und-wiener-wuerstchen\/"},"modified":"2022-08-10T13:32:47","modified_gmt":"2022-08-10T11:32:47","slug":"schaelmesser-zum-schaelen-von-kurze-wuerstchen","status":"publish","type":"page","link":"https:\/\/sausagepeeler.eu\/de\/schaelmesser-zum-schaelen-von-kurze-wuerstchen\/","title":{"rendered":"Sch\u00e4lklingen zum Sch\u00e4len von Cocktail- und Wiener W\u00fcrstchen"},"content":{"rendered":"<p>Sie suchen Sch\u00e4lmesser zum Sch\u00e4len von Cocktail, W\u00fcrstchen, Wiener W\u00fcrstchen (kurze W\u00fcrstchen)?<br \/>\nWir bieten Klingen mit Wellenschliff \/ doppelter Schneide (9718954).<br \/>\nSie sind pro 20 St\u00fcck im Blizzard-Pack verpackt.<\/p>\n<p>Hitec Wurstsch\u00e4ler Klinge 43546.<br \/>\nSind Sie auf der Suche nach der Sch\u00e4lklinge 43546 (Standard) f\u00fcr Ihren Hitec Sabre Wurstsch\u00e4ler?<\/p>\n<p>Bitte kontaktieren Sie uns unter <a href=\"mailto:info@jiminternationaltrading.nl\">info@jiminternationaltrading.nl<\/a> und wir werden Ihnen die optimalsten L\u00f6sungen und den besten Wert f\u00fcr Sie pr\u00e4sentieren.<\/p>\n<p>&nbsp;<\/p>\n","protected":false},"excerpt":{"rendered":"<p>Sie suchen Sch\u00e4lmesser zum Sch\u00e4len von Cocktail, W\u00fcrstchen, Wiener W\u00fcrstchen (kurze W\u00fcrstchen)? Wir bieten Klingen mit Wellenschliff \/ doppelter Schneide (9718954). Sie sind pro 20 St\u00fcck im Blizzard-Pack verpackt. Hitec Wurstsch\u00e4ler Klinge 43546. Sind Sie auf der Suche nach der Sch\u00e4lklinge 43546 (Standard) f\u00fcr Ihren Hitec Sabre Wurstsch\u00e4ler? Bitte kontaktieren Sie uns unter info@jiminternationaltrading.nl und [&hellip;]<\/p>\n","protected":false},"author":2,"featured_media":0,"parent":0,"menu_order":0,"comment_status":"closed","ping_status":"closed","template":"","meta":[],"_links":{"self":[{"href":"https:\/\/sausagepeeler.eu\/de\/wp-json\/wp\/v2\/pages\/4786"}],"collection":[{"href":"https:\/\/sausagepeeler.eu\/de\/wp-json\/wp\/v2\/pages"}],"about":[{"href":"https:\/\/sausagepeeler.eu\/de\/wp-json\/wp\/v2\/types\/page"}],"author":[{"embeddable":true,"href":"https:\/\/sausagepeeler.eu\/de\/wp-json\/wp\/v2\/users\/2"}],"replies":[{"embeddable":true,"href":"https:\/\/sausagepeeler.eu\/de\/wp-json\/wp\/v2\/comments?post=4786"}],"version-history":[{"count":1,"href":"https:\/\/sausagepeeler.eu\/de\/wp-json\/wp\/v2\/pages\/4786\/revisions"}],"predecessor-version":[{"id":4882,"href":"https:\/\/sausagepeeler.eu\/de\/wp-json\/wp\/v2\/pages\/4786\/revisions\/4882"}],"wp:attachment":[{"href":"https:\/\/sausagepeeler.eu\/de\/wp-json\/wp\/v2\/media?parent=4786"}],"curies":[{"name":"wp","href":"https:\/\/api.w.org\/{rel}","templated":true}]}}