{"id":4784,"date":"2022-05-04T14:10:00","date_gmt":"2022-05-04T12:10:00","guid":{"rendered":"https:\/\/sausagepeeler.eu\/schaelmesser-zum-schaelen-von-hotdogs-franks-veggie-und-jumbos-wuersten\/"},"modified":"2022-08-10T13:32:19","modified_gmt":"2022-08-10T11:32:19","slug":"schaelmesser-zum-schaelen-von-hotdogs-franks-veggie-und-jumbos-wuersten","status":"publish","type":"page","link":"https:\/\/sausagepeeler.eu\/de\/schaelmesser-zum-schaelen-von-hotdogs-franks-veggie-und-jumbos-wuersten\/","title":{"rendered":"Sch\u00e4lmesser zum Sch\u00e4len von Hotdogs, Franks, Veggie- und Jumbos-W\u00fcrsten"},"content":{"rendered":"<p>Sie suchen Sch\u00e4lmesser zum Sch\u00e4len von Hotdogs, W\u00fcrstchen, Veggie und Jumbos?<br \/>\nWir bieten Ihnen Sch\u00e4lmesser mit glattem Aufbau ohne Wellenschliff (9725155).<br \/>\nSie sind pro 20 St\u00fcck im Blizzard-Pack verpackt.<\/p>\n<p>Auch f\u00fcr Hitec Wurstsch\u00e4ler haben wir Klinge 43546<br \/>\nSind Sie auf der Suche nach der Sch\u00e4lklinge 43546 (Standard) f\u00fcr Ihren Hitec Sabre Wurstsch\u00e4ler?<\/p>\n<p>In unserem Sortiment an Wurstsch\u00e4lerklingen haben wir auch Klingen f\u00fcr Cato Wurstsch\u00e4ler und Sch\u00e4lomat Wurstsch\u00e4ler.<\/p>\n<p>Bitte kontaktieren Sie uns unter<a href=\"mailto:info@jiminternationaltrading.nl\">info@jiminternationaltrading.nl<\/a> und wir werden Ihnen die optimalsten L\u00f6sungen und den besten Wert f\u00fcr Sie pr\u00e4sentieren.<\/p>\n","protected":false},"excerpt":{"rendered":"<p>Sie suchen Sch\u00e4lmesser zum Sch\u00e4len von Hotdogs, W\u00fcrstchen, Veggie und Jumbos? Wir bieten Ihnen Sch\u00e4lmesser mit glattem Aufbau ohne Wellenschliff (9725155). Sie sind pro 20 St\u00fcck im Blizzard-Pack verpackt. Auch f\u00fcr Hitec Wurstsch\u00e4ler haben wir Klinge 43546 Sind Sie auf der Suche nach der Sch\u00e4lklinge 43546 (Standard) f\u00fcr Ihren Hitec Sabre Wurstsch\u00e4ler? In unserem Sortiment [&hellip;]<\/p>\n","protected":false},"author":2,"featured_media":0,"parent":0,"menu_order":0,"comment_status":"closed","ping_status":"closed","template":"","meta":[],"_links":{"self":[{"href":"https:\/\/sausagepeeler.eu\/de\/wp-json\/wp\/v2\/pages\/4784"}],"collection":[{"href":"https:\/\/sausagepeeler.eu\/de\/wp-json\/wp\/v2\/pages"}],"about":[{"href":"https:\/\/sausagepeeler.eu\/de\/wp-json\/wp\/v2\/types\/page"}],"author":[{"embeddable":true,"href":"https:\/\/sausagepeeler.eu\/de\/wp-json\/wp\/v2\/users\/2"}],"replies":[{"embeddable":true,"href":"https:\/\/sausagepeeler.eu\/de\/wp-json\/wp\/v2\/comments?post=4784"}],"version-history":[{"count":1,"href":"https:\/\/sausagepeeler.eu\/de\/wp-json\/wp\/v2\/pages\/4784\/revisions"}],"predecessor-version":[{"id":4785,"href":"https:\/\/sausagepeeler.eu\/de\/wp-json\/wp\/v2\/pages\/4784\/revisions\/4785"}],"wp:attachment":[{"href":"https:\/\/sausagepeeler.eu\/de\/wp-json\/wp\/v2\/media?parent=4784"}],"curies":[{"name":"wp","href":"https:\/\/api.w.org\/{rel}","templated":true}]}}