{"id":4783,"date":"2022-05-04T14:06:35","date_gmt":"2022-05-04T12:06:35","guid":{"rendered":"https:\/\/sausagepeeler.eu\/wurstschaelerteile-fuer-die-industrielle-herstellung-von-wurst-ohne-haut\/"},"modified":"2022-08-10T13:32:33","modified_gmt":"2022-08-10T11:32:33","slug":"wurstschaelerteile-fuer-die-industrielle-herstellung-von-wurst-ohne-haut","status":"publish","type":"page","link":"https:\/\/sausagepeeler.eu\/de\/wurstschaelerteile-fuer-die-industrielle-herstellung-von-wurst-ohne-haut\/","title":{"rendered":"Wurstsch\u00e4lerteile f\u00fcr die industrielle Herstellung von Wurst ohne Haut"},"content":{"rendered":"<p>Ben\u00f6tigen Sie Teile f\u00fcr Wurstsch\u00e4ler? Wir haben sie!<\/p>\n<p>Von Vakuumr\u00e4dern, Vorschubr\u00e4dern, Druckschuhen, Dampfschl\u00e4uchen und nat\u00fcrlich Klingen,<br \/>\nJ.I.M. International Trading B.V. hat alles, was Sie f\u00fcr Ihren Wurstsch\u00e4ler brauchen, auf Lager und kann Ihnen die Teile in vielen F\u00e4llen noch am selben Tag liefern.<br \/>\nUnsere Kunden k\u00f6nnen mit unseren Qualit\u00e4tsersatzteilen erhebliche Einsparungen gegen\u00fcber Originalteilen erzielen. Wir stellen sie unter Verwendung der hochwertigsten Materialien her<\/p>\n<p>Wenn Sie also einen Ranger-Sch\u00e4ler, einen Stripmaster, einen Townsend-W\u00fcrstchensch\u00e4ler (Modell 2600) oder ein anderes Ger\u00e4t f\u00fcr die Wurstverarbeitung ben\u00f6tigen.<\/p>\n<p>Bitte kontaktieren Sie uns und teilen Sie uns mit, welches Teil Sie ben\u00f6tigen, und fordern Sie ein Angebot an.<br \/>\nBitte kontaktieren Sie uns unter <a href=\"mailto:info@jiminternationaltrading.nl\">info@jiminternationaltrading.nl<\/a> und wir werden Ihnen die optimalsten L\u00f6sungen und den besten Wert f\u00fcr Sie pr\u00e4sentieren.<\/p>\n","protected":false},"excerpt":{"rendered":"<p>Ben\u00f6tigen Sie Teile f\u00fcr Wurstsch\u00e4ler? Wir haben sie! Von Vakuumr\u00e4dern, Vorschubr\u00e4dern, Druckschuhen, Dampfschl\u00e4uchen und nat\u00fcrlich Klingen, J.I.M. International Trading B.V. hat alles, was Sie f\u00fcr Ihren Wurstsch\u00e4ler brauchen, auf Lager und kann Ihnen die Teile in vielen F\u00e4llen noch am selben Tag liefern. Unsere Kunden k\u00f6nnen mit unseren Qualit\u00e4tsersatzteilen erhebliche Einsparungen gegen\u00fcber Originalteilen erzielen. Wir [&hellip;]<\/p>\n","protected":false},"author":2,"featured_media":0,"parent":0,"menu_order":0,"comment_status":"closed","ping_status":"closed","template":"","meta":[],"_links":{"self":[{"href":"https:\/\/sausagepeeler.eu\/de\/wp-json\/wp\/v2\/pages\/4783"}],"collection":[{"href":"https:\/\/sausagepeeler.eu\/de\/wp-json\/wp\/v2\/pages"}],"about":[{"href":"https:\/\/sausagepeeler.eu\/de\/wp-json\/wp\/v2\/types\/page"}],"author":[{"embeddable":true,"href":"https:\/\/sausagepeeler.eu\/de\/wp-json\/wp\/v2\/users\/2"}],"replies":[{"embeddable":true,"href":"https:\/\/sausagepeeler.eu\/de\/wp-json\/wp\/v2\/comments?post=4783"}],"version-history":[{"count":2,"href":"https:\/\/sausagepeeler.eu\/de\/wp-json\/wp\/v2\/pages\/4783\/revisions"}],"predecessor-version":[{"id":4974,"href":"https:\/\/sausagepeeler.eu\/de\/wp-json\/wp\/v2\/pages\/4783\/revisions\/4974"}],"wp:attachment":[{"href":"https:\/\/sausagepeeler.eu\/de\/wp-json\/wp\/v2\/media?parent=4783"}],"curies":[{"name":"wp","href":"https:\/\/api.w.org\/{rel}","templated":true}]}}