{"id":4782,"date":"2022-05-04T14:02:37","date_gmt":"2022-05-04T12:02:37","guid":{"rendered":"https:\/\/sausagepeeler.eu\/ranger-appolo-wurstschaeler-ersatzteile\/"},"modified":"2022-08-10T13:32:07","modified_gmt":"2022-08-10T11:32:07","slug":"ranger-appolo-wurstschaeler-ersatzteile","status":"publish","type":"page","link":"https:\/\/sausagepeeler.eu\/de\/ranger-appolo-wurstschaeler-ersatzteile\/","title":{"rendered":"Ranger Appolo Wurstsch\u00e4ler Ersatzteile"},"content":{"rendered":"<p>Ranger Tools, der urspr\u00fcngliche Lieferant f\u00fcr Wurstsch\u00e4ler ist nicht mehr im Gesch\u00e4ft, aber JIM International Trading BV kann Ihnen helfen, diese Maschinen zu warten.<\/p>\n<p>Produktionsverz\u00f6gerungen sind immer teuer, und Stillstand ist verlorene Zeit f\u00fcr immer. Die Erfahrung hat gezeigt, dass die folgenden Ersatzteile in Ihrem Betrieb vorhanden sein sollten, um die Ausfallzeiten Ihres Ranger Apollo Wurstsch\u00e4lers so gering wie m\u00f6glich zu halten.<\/p>\n<p>Teilnummer: QTY: Beschreibung:<\/p>\n<p>AD-94 1 Keilriemen<\/p>\n<p>AD-95 1 Keilriemen<\/p>\n<p>AH-17 RC 2 \u00d6ldichtung (Gummimantel)<\/p>\n<p>AH-37SS5 1 Vakuumrad 5 Reihen oder AH-37SS4 1 Vakuumrad 4 Reihen<\/p>\n<p>AH-45 1 Druckschuh (massiv)<br \/>\nAS-55 2 Druckrollen aus Aluminium mit Buchse<\/p>\n<p>AS-67 1 Feder und Kette<\/p>\n<p>AS-73 1 Schraube, Innensechskant flach<\/p>\n<p>AV-109 1 Vakuumt\u00fcr-Dichtung<\/p>\n<p>3323DS 100 Pkg. Klinge rostfrei Klinge rostfrei<\/p>\n<p>Jim International Trading unterh\u00e4lt ein gutes Ersatzteillager und kann Ihren Bedarf an Ranger Apollo-Ersatzteilen schnell bearbeiten.<br \/>\nBitte kontaktieren Sie uns unter <a href=\"mailto:info@jiminternationaltrading.nl\">info@jiminternationaltrading.nl<\/a> und wir werden Ihnen die optimalsten L\u00f6sungen und den besten Wert f\u00fcr Sie pr\u00e4sentieren.<\/p>\n","protected":false},"excerpt":{"rendered":"<p>Ranger Tools, der urspr\u00fcngliche Lieferant f\u00fcr Wurstsch\u00e4ler ist nicht mehr im Gesch\u00e4ft, aber JIM International Trading BV kann Ihnen helfen, diese Maschinen zu warten. Produktionsverz\u00f6gerungen sind immer teuer, und Stillstand ist verlorene Zeit f\u00fcr immer. Die Erfahrung hat gezeigt, dass die folgenden Ersatzteile in Ihrem Betrieb vorhanden sein sollten, um die Ausfallzeiten Ihres Ranger Apollo [&hellip;]<\/p>\n","protected":false},"author":2,"featured_media":0,"parent":0,"menu_order":0,"comment_status":"closed","ping_status":"closed","template":"","meta":[],"_links":{"self":[{"href":"https:\/\/sausagepeeler.eu\/de\/wp-json\/wp\/v2\/pages\/4782"}],"collection":[{"href":"https:\/\/sausagepeeler.eu\/de\/wp-json\/wp\/v2\/pages"}],"about":[{"href":"https:\/\/sausagepeeler.eu\/de\/wp-json\/wp\/v2\/types\/page"}],"author":[{"embeddable":true,"href":"https:\/\/sausagepeeler.eu\/de\/wp-json\/wp\/v2\/users\/2"}],"replies":[{"embeddable":true,"href":"https:\/\/sausagepeeler.eu\/de\/wp-json\/wp\/v2\/comments?post=4782"}],"version-history":[{"count":1,"href":"https:\/\/sausagepeeler.eu\/de\/wp-json\/wp\/v2\/pages\/4782\/revisions"}],"predecessor-version":[{"id":4832,"href":"https:\/\/sausagepeeler.eu\/de\/wp-json\/wp\/v2\/pages\/4782\/revisions\/4832"}],"wp:attachment":[{"href":"https:\/\/sausagepeeler.eu\/de\/wp-json\/wp\/v2\/media?parent=4782"}],"curies":[{"name":"wp","href":"https:\/\/api.w.org\/{rel}","templated":true}]}}