{"id":4781,"date":"2022-05-04T13:56:41","date_gmt":"2022-05-04T11:56:41","guid":{"rendered":"https:\/\/sausagepeeler.eu\/teile-fuer-wurstschaelmaschinen\/"},"modified":"2022-08-10T13:31:11","modified_gmt":"2022-08-10T11:31:11","slug":"teile-fuer-wurstschaelmaschinen","status":"publish","type":"page","link":"https:\/\/sausagepeeler.eu\/de\/teile-fuer-wurstschaelmaschinen\/","title":{"rendered":"Teile f\u00fcr Wurstsch\u00e4lmaschinen"},"content":{"rendered":"<p class=\"p2\"><span class=\"s1\">J.I.M. International Trading BV verkauft Ersatzteile f\u00fcr Wurstsch\u00e4lmaschinen f\u00fcr verschiedene Marken wie Stripmaster, Ranger Apollo, Townsend 2600 und andere bekannte Marken.<\/span><\/p>\n<p class=\"p2\"><span class=\"s1\">Unser Hauptgesch\u00e4ft sind Ersatzteile f\u00fcr Wurstlinkers und Wurstsch\u00e4lmaschinen (wie die Stripmaster, Ranger Apollo und Townsend Maschinen). Von unserem ausgedehnten Lager in den Niederlanden aus k\u00f6nnen wir fast alle dringend ben\u00f6tigten Teile (wie z.B. Wurstsch\u00e4lmesser) ab Lager liefern.<\/span><\/p>\n<p class=\"p2\"><span class=\"s1\">Wir verf\u00fcgen \u00fcber ein gutes Ersatzteillager und k\u00f6nnen Ihren Bedarf an Wurstteilen schnell bearbeiten.<br \/>\nProduktionsverz\u00f6gerungen sind immer teuer, und Stillstand ist verlorene Zeit f\u00fcr immer.<\/span><\/p>\n<p class=\"p2\"><span class=\"s1\">Mehr Informationen:<\/span><\/p>\n<ul class=\"ul1\">\n<li class=\"li3\"><span class=\"s2\"><a href=\"https:\/\/sausagepeeler.eu\/townsend-2600-sausage-peeler-spare-parts\/\"><span class=\"s3\">Townsend 2600 Wurstsch\u00e4ler Ersatzteile<\/span><\/a><\/span><\/li>\n<li class=\"li3\"><span class=\"s2\"><a href=\"https:\/\/sausagepeeler.eu\/ranger-appolo-sausage-peeler-spare-parts\/\"><span class=\"s3\">Ranger Appollo Wurstsch\u00e4ler-Ersatzteile<\/span><\/a><\/span><\/li>\n<li class=\"li3\"><span class=\"s2\"><a href=\"https:\/\/sausagepeeler.eu\/sausage-peeler-parts-industrial-skinless-sausage-making\/\"><span class=\"s3\">Wurstsch\u00e4lerteile f\u00fcr die industrielle Herstellung von Wurst ohne Haut<\/span><\/a><\/span><\/li>\n<li class=\"li3\"><span class=\"s2\"><a href=\"https:\/\/sausagepeeler.eu\/peeler-blades-cocktail-wiener-vienna-sausages\/\"><span class=\"s3\">Sch\u00e4lklingen zum Sch\u00e4len von Cocktail- und Wiener W\u00fcrstchen<\/span><\/a><\/span><\/li>\n<li class=\"li3\"><span class=\"s2\"><a href=\"https:\/\/sausagepeeler.eu\/peeler-blades-hotdogs-franks-veggie-and-jumbos-sausages\/\"><span class=\"s3\">Sch\u00e4lmesser zum Sch\u00e4len von Hotdogs, Franks, Veggie- und Jumbos-W\u00fcrsten<\/span><\/a><\/span><\/li>\n<\/ul>\n<p class=\"p2\"><span class=\"s1\">Neben Ersatzteilen f\u00fcr Ihre Wurstsch\u00e4lmaschine f\u00fchren wir ein neues Sortiment an Wurstsch\u00e4lern.<\/span><\/p>\n<p class=\"p2\"><span class=\"s1\">Jim International Trading unterh\u00e4lt ein gutes Ersatzteillager und kann Ihren Bedarf an Wurstsch\u00e4lern schnell bearbeiten<\/span><\/p>\n<p class=\"p2\"><span class=\"s1\">Bitte kontaktieren Sie uns unter info@jiminternationaltrading.nl und wir werden Ihnen die optimalsten L\u00f6sungen und den besten Wert f\u00fcr Sie pr\u00e4sentieren.<\/span><\/p>\n","protected":false},"excerpt":{"rendered":"<p>J.I.M. International Trading BV verkauft Ersatzteile f\u00fcr Wurstsch\u00e4lmaschinen f\u00fcr verschiedene Marken wie Stripmaster, Ranger Apollo, Townsend 2600 und andere bekannte Marken. Unser Hauptgesch\u00e4ft sind Ersatzteile f\u00fcr Wurstlinkers und Wurstsch\u00e4lmaschinen (wie die Stripmaster, Ranger Apollo und Townsend Maschinen). Von unserem ausgedehnten Lager in den Niederlanden aus k\u00f6nnen wir fast alle dringend ben\u00f6tigten Teile (wie z.B. Wurstsch\u00e4lmesser) [&hellip;]<\/p>\n","protected":false},"author":2,"featured_media":0,"parent":0,"menu_order":0,"comment_status":"closed","ping_status":"closed","template":"","meta":[],"_links":{"self":[{"href":"https:\/\/sausagepeeler.eu\/de\/wp-json\/wp\/v2\/pages\/4781"}],"collection":[{"href":"https:\/\/sausagepeeler.eu\/de\/wp-json\/wp\/v2\/pages"}],"about":[{"href":"https:\/\/sausagepeeler.eu\/de\/wp-json\/wp\/v2\/types\/page"}],"author":[{"embeddable":true,"href":"https:\/\/sausagepeeler.eu\/de\/wp-json\/wp\/v2\/users\/2"}],"replies":[{"embeddable":true,"href":"https:\/\/sausagepeeler.eu\/de\/wp-json\/wp\/v2\/comments?post=4781"}],"version-history":[{"count":1,"href":"https:\/\/sausagepeeler.eu\/de\/wp-json\/wp\/v2\/pages\/4781\/revisions"}],"predecessor-version":[{"id":4881,"href":"https:\/\/sausagepeeler.eu\/de\/wp-json\/wp\/v2\/pages\/4781\/revisions\/4881"}],"wp:attachment":[{"href":"https:\/\/sausagepeeler.eu\/de\/wp-json\/wp\/v2\/media?parent=4781"}],"curies":[{"name":"wp","href":"https:\/\/api.w.org\/{rel}","templated":true}]}}