{"id":4778,"date":"2022-05-04T13:47:07","date_gmt":"2022-05-04T11:47:07","guid":{"rendered":"https:\/\/sausagepeeler.eu\/townsend-2600-wurstschaeler-ersatzteile\/"},"modified":"2022-08-10T13:31:47","modified_gmt":"2022-08-10T11:31:47","slug":"townsend-2600-wurstschaeler-ersatzteile","status":"publish","type":"page","link":"https:\/\/sausagepeeler.eu\/de\/townsend-2600-wurstschaeler-ersatzteile\/","title":{"rendered":"Townsend 2600 Wurstsch\u00e4ler Ersatzteile"},"content":{"rendered":"<p>Wir haben aus dem Markt erfahren, dass das End of Live Datum f\u00fcr den 2600 Wurstsch\u00e4ler auf den 1. Februar 2020 festgelegt wurde. Das bedeutet, dass der urspr\u00fcngliche Lieferant des Produkts, Townsend, das Produkt nicht mehr unterst\u00fctzt. Das ist schade, denn es handelt sich um ein gro\u00dfartiges Ger\u00e4t, und es gibt immer noch viele Nutzer des Wurstsch\u00e4lers Modell 2600.<br \/>\nAber keine Sorge, JIM International trading B.V. kann Ihnen helfen, die ben\u00f6tigten Teile zu bekommen.<\/p>\n<p>Produktionsverz\u00f6gerungen sind immer teuer, und Ausfallzeiten sind verlorene Zeit f\u00fcr immer.<br \/>\nAus Erfahrung wissen wir, dass die folgenden Ersatzteile in Ihrem Betrieb vorhanden sein sollten, um die Ausfallzeiten Ihres 2600er Wurstsch\u00e4lers m\u00f6glichst gering zu halten.<\/p>\n<p>Townsend 2600 Peeler Verschlei\u00dfteile sind:<\/p>\n<p>1. Sch\u00e4lmesser Teil #25155:<\/p>\n<p>2. Schuh: #22523 oder 22523: 1 Schuh\/1-3 Monate<\/p>\n<p>3. O-Ring (Dampfrohr) #13607-032 oder 13607-330: 2 O-Ringe\/3 Monate<\/p>\n<p>4. Ritzelbuchsen #23469: 4 Buchsen\/ 3 Monate<\/p>\n<p>Bitte kontaktieren Sie uns unter <a href=\"mailto:info@jiminternationaltrading.nl\">info@jiminternationaltrading.nl<\/a> und wir werden Ihnen die optimalsten L\u00f6sungen und den besten Wert f\u00fcr Sie pr\u00e4sentieren.<\/p>\n","protected":false},"excerpt":{"rendered":"<p>Wir haben aus dem Markt erfahren, dass das End of Live Datum f\u00fcr den 2600 Wurstsch\u00e4ler auf den 1. Februar 2020 festgelegt wurde. Das bedeutet, dass der urspr\u00fcngliche Lieferant des Produkts, Townsend, das Produkt nicht mehr unterst\u00fctzt. Das ist schade, denn es handelt sich um ein gro\u00dfartiges Ger\u00e4t, und es gibt immer noch viele Nutzer [&hellip;]<\/p>\n","protected":false},"author":2,"featured_media":0,"parent":0,"menu_order":0,"comment_status":"closed","ping_status":"closed","template":"","meta":[],"_links":{"self":[{"href":"https:\/\/sausagepeeler.eu\/de\/wp-json\/wp\/v2\/pages\/4778"}],"collection":[{"href":"https:\/\/sausagepeeler.eu\/de\/wp-json\/wp\/v2\/pages"}],"about":[{"href":"https:\/\/sausagepeeler.eu\/de\/wp-json\/wp\/v2\/types\/page"}],"author":[{"embeddable":true,"href":"https:\/\/sausagepeeler.eu\/de\/wp-json\/wp\/v2\/users\/2"}],"replies":[{"embeddable":true,"href":"https:\/\/sausagepeeler.eu\/de\/wp-json\/wp\/v2\/comments?post=4778"}],"version-history":[{"count":1,"href":"https:\/\/sausagepeeler.eu\/de\/wp-json\/wp\/v2\/pages\/4778\/revisions"}],"predecessor-version":[{"id":4779,"href":"https:\/\/sausagepeeler.eu\/de\/wp-json\/wp\/v2\/pages\/4778\/revisions\/4779"}],"wp:attachment":[{"href":"https:\/\/sausagepeeler.eu\/de\/wp-json\/wp\/v2\/media?parent=4778"}],"curies":[{"name":"wp","href":"https:\/\/api.w.org\/{rel}","templated":true}]}}